{"id":7845,"date":"2021-11-02T15:42:32","date_gmt":"2021-11-02T15:42:32","guid":{"rendered":"https:\/\/www.treibrutari.ro\/?post_type=product&#038;p=7845"},"modified":"2023-06-06T11:57:51","modified_gmt":"2023-06-06T11:57:51","slug":"trei-brutari-paine-boiereasca-5-stele-cu-multicereale-maia-si-seminte-700g","status":"publish","type":"product","link":"https:\/\/www.treibrutari.ro\/ro\/produs\/paine\/boiereasca\/trei-brutari-paine-boiereasca-5-stele-cu-multicereale-maia-si-seminte-700g","title":{"rendered":"Trei Brutari PAINE BOIEREASCA 5 STELE CU MULTICEREALE, MAIA SI SEMINTE 700G"},"content":{"rendered":"<p>Paine ovala feliata, cu multicereale, maia si seminte 700g, cu d\u00e9cor din fulgi de ovaz, seminte de floarea-soarelui si chia.<\/p>\n<p>Tavalita in fulgi de ovaz si seminte de floarea-soarelui, sortimentul Boiereasca 5 Stele are note si parfum de cereale coapte, fiind ideala pentru o nutritie completa si echilibrata.<\/p>\n<p>Termen de valabilitate: 10 zile<\/p>\n\n<h4 class=\"block-head style7 margin-top-10\">INGREDIENTE<\/h4><div><p>Ingrediente: <strong>faina alba de <span style=\"text-decoration: underline;\">grau<\/span> 650 (22,6%)<\/strong>, <strong>faina neagra de <span style=\"text-decoration: underline;\">grau<\/span> 1350 (22,6%)<\/strong>, apa, <strong>maia 17,7% (apa, faina de secara 5,7%<\/strong>, culture starter selectionate), <strong>faina dietetica-graham de <span style=\"text-decoration: underline;\">grau<\/span>(7,8%)<\/strong>, malai (4,5%), seminte de in (3,2%), <strong>gluten din grau<\/strong>, drojdie, <strong>fulgi de <span style=\"text-decoration: underline;\">orz<\/span><\/strong> (1,6%), sare iodata, seminte de floarea soarelui (0,65%), otet din vin, conservanti (propionate de calciu, acid sorbic), agent de tartare a fainii (acid ascorbic, cisteina). D\u00e9cor: <strong>fulgi de <span style=\"text-decoration: underline;\">ovaz<\/span><\/strong> (1,4%), seminte de floarea-soarelui (1,1%). Poate continue urme de soia si susan.<\/p>\n<\/div>\n<h4 class=\"block-head style7 margin-top-10\">VALORI NUTRI\u0162IONALE (100G)<\/h4><table class=\"\" border=\"0\"><thead><tr><th>Valori nutritionale medii<\/th><th>per 100g produs finit<\/th><\/tr><\/thead><tbody><tr><td>Valoare energetica<\/td><td>1115 kJ \/ 264 kcal<\/td><\/tr><tr><td>Grasimi,<\/td><td>3,6 g<\/td><\/tr><tr><td>&nbsp;&nbsp;&nbsp;&nbsp;din care acizi grasi<\/td><td>0,5 g<\/td><\/tr><tr><td>Glucide,<\/td><td>44,5 g<\/td><\/tr><tr><td>&nbsp;&nbsp;&nbsp;&nbsp;din care zaharuri<\/td><td>1,6 g<\/td><\/tr><tr><td>Fibre<\/td><td>5,5 g<\/td><\/tr><tr><td>Proteine<\/td><td>10,7 g<\/td><\/tr><tr><td>Sare<\/td><td>1 g<\/td><\/tr><\/tbody><\/table>% CR * = Consumul de referin\u021b\u0103 al unui adult obi\u0219nuit (8400 kJ \/ 2000 kcal)\n<h4 class=\"block-head style7 margin-top-10\">CONDI\u0162II DE P\u0102STRARE<\/h4><div><p>A se p\u0103stra la loc uscat, aerisit \u015fi r\u0103coros.<\/p>\n<\/div>\n\n","protected":false},"excerpt":{"rendered":"<p>Paine ovala feliata, cu multicereale, maia si seminte 700g, cu d\u00e9cor din fulgi de ovaz, seminte de floarea-soarelui si chia <a class=\"more-link\" href=\"https:\/\/www.treibrutari.ro\/ro\/produs\/paine\/boiereasca\/trei-brutari-paine-boiereasca-5-stele-cu-multicereale-maia-si-seminte-700g\">Cite\u0219te mai mult<\/a><\/p>\n","protected":false},"featured_media":7805,"template":"","meta":[],"product_cat":[22],"product_tag":[],"acf":[],"_links":{"self":[{"href":"https:\/\/www.treibrutari.ro\/ro\/wp-json\/wp\/v2\/product\/7845"}],"collection":[{"href":"https:\/\/www.treibrutari.ro\/ro\/wp-json\/wp\/v2\/product"}],"about":[{"href":"https:\/\/www.treibrutari.ro\/ro\/wp-json\/wp\/v2\/types\/product"}],"wp:featuredmedia":[{"embeddable":true,"href":"https:\/\/www.treibrutari.ro\/ro\/wp-json\/wp\/v2\/media\/7805"}],"wp:attachment":[{"href":"https:\/\/www.treibrutari.ro\/ro\/wp-json\/wp\/v2\/media?parent=7845"}],"wp:term":[{"taxonomy":"product_cat","embeddable":true,"href":"https:\/\/www.treibrutari.ro\/ro\/wp-json\/wp\/v2\/product_cat?post=7845"},{"taxonomy":"product_tag","embeddable":true,"href":"https:\/\/www.treibrutari.ro\/ro\/wp-json\/wp\/v2\/product_tag?post=7845"}],"curies":[{"name":"wp","href":"https:\/\/api.w.org\/{rel}","templated":true}]}}