{"id":7323,"date":"2021-03-16T14:32:21","date_gmt":"2021-03-16T14:32:21","guid":{"rendered":"https:\/\/www.treibrutari.ro\/?post_type=product&#038;p=7323"},"modified":"2022-03-24T15:52:35","modified_gmt":"2022-03-24T15:52:35","slug":"grand-papa-covrigei-cu-vin-alb-100g","status":"publish","type":"product","link":"https:\/\/www.treibrutari.ro\/ro\/produs\/covrigei\/covrigei-grand-papa\/grand-papa-covrigei-cu-vin-alb-100g","title":{"rendered":"Grand Papa Covrigei cu vin alb 100g"},"content":{"rendered":"\n<h4 class=\"block-head style7 margin-top-10\">INGREDIENTE<\/h4><div><p>Ingrediente: <strong>fain\u0103 alb\u0103 de gr\u00e2u 650<\/strong> (origine Rom\u00e2nia), ap\u0103, ulei vegetal de palmier, vin alb 12% (origine Rom\u00e2nia), zah\u0103r, <strong>semin\u021be de susan<\/strong>, sare marin\u0103 iodat\u0103 decor, sare iodat\u0103, drojdie<\/p>\n<\/div>\n<h4 class=\"block-head style7 margin-top-10\">VALORI NUTRI\u0162IONALE (100G)<\/h4><table class=\"\" border=\"0\"><thead><tr><th>Valori nutritionale medii<\/th><th>per 100 g<\/th><\/tr><\/thead><tbody><tr><td>Valoare energetica<\/td><td>1825 kJ \/ 434 kcal<\/td><\/tr><tr><td>Grasimi,<\/td><td>14,1 g<\/td><\/tr><tr><td>&nbsp;&nbsp;&nbsp;&nbsp;din care acizi grasi saturati<\/td><td>6,4 g<\/td><\/tr><tr><td>Glucide,<\/td><td>65 g<\/td><\/tr><tr><td>&nbsp;&nbsp;&nbsp;&nbsp;din care zaharuri<\/td><td>4 g<\/td><\/tr><tr><td>Fibre<\/td><td>5.1 g<\/td><\/tr><tr><td>Proteine<\/td><td>9.2 g<\/td><\/tr><tr><td>Sare<\/td><td>2 g<\/td><\/tr><\/tbody><\/table>% CR * = Consumul de referin\u021b\u0103 al unui adult obi\u0219nuit (8400 kJ \/ 2000 kcal)\n\n<h4 class=\"block-head style7 margin-top-10\">INFORMA\u0162II SUPLIMENTARE<\/h4><table class=\"\" border=\"0\"><tbody><tr><td>Brand<\/td><td>Grand Papa<\/td><\/tr><tr><td>Greutate\/buc (g)<\/td><td>100<\/td><\/tr><tr><td>Termen valabilitate (zile)<\/td><td><\/td><\/tr><tr><td>Cod de bare produs (EAN)<\/td><td>5941143019625<\/td><\/tr><tr><td>Cod de bare bax (EAN)<\/td><td>15941143019622<\/td><\/tr><tr><td>Nr. Buc \/ Bax<\/td><td><\/td><\/tr><tr><td>Nr. Bax\/ Palet<\/td><td><\/td><\/tr><tr><td>Dimensiuni palet \u00een cm<\/td><td><\/td><\/tr><tr><td>Greutate net\u0103 bax (kg)<\/td><td><\/td><\/tr><tr><td>Greutate brut\u0103 bax (kg)<\/td><td><\/td><\/tr><tr><td>Greutate net\u0103 palet (kg)<\/td><td><\/td><\/tr><tr><td>Greutate brut\u0103 palet (kg)<\/td><td><\/td><\/tr><\/tbody><\/table>\n","protected":false},"excerpt":{"rendered":"<p>Grand Papa Covrigei cu vin alb 100g <a class=\"more-link\" href=\"https:\/\/www.treibrutari.ro\/ro\/produs\/covrigei\/covrigei-grand-papa\/grand-papa-covrigei-cu-vin-alb-100g\">Cite\u0219te mai mult<\/a><\/p>\n","protected":false},"featured_media":8501,"template":"","meta":[],"product_cat":[269,271],"product_tag":[],"acf":[],"_links":{"self":[{"href":"https:\/\/www.treibrutari.ro\/ro\/wp-json\/wp\/v2\/product\/7323"}],"collection":[{"href":"https:\/\/www.treibrutari.ro\/ro\/wp-json\/wp\/v2\/product"}],"about":[{"href":"https:\/\/www.treibrutari.ro\/ro\/wp-json\/wp\/v2\/types\/product"}],"wp:featuredmedia":[{"embeddable":true,"href":"https:\/\/www.treibrutari.ro\/ro\/wp-json\/wp\/v2\/media\/8501"}],"wp:attachment":[{"href":"https:\/\/www.treibrutari.ro\/ro\/wp-json\/wp\/v2\/media?parent=7323"}],"wp:term":[{"taxonomy":"product_cat","embeddable":true,"href":"https:\/\/www.treibrutari.ro\/ro\/wp-json\/wp\/v2\/product_cat?post=7323"},{"taxonomy":"product_tag","embeddable":true,"href":"https:\/\/www.treibrutari.ro\/ro\/wp-json\/wp\/v2\/product_tag?post=7323"}],"curies":[{"name":"wp","href":"https:\/\/api.w.org\/{rel}","templated":true}]}}