{"id":7069,"date":"2020-10-29T18:02:45","date_gmt":"2020-10-29T18:02:45","guid":{"rendered":"https:\/\/www.treibrutari.ro\/?post_type=product&#038;p=7069"},"modified":"2020-11-26T14:51:47","modified_gmt":"2020-11-26T14:51:47","slug":"poieni-digestivi-multifibre-cu-glazura-cu-ciocolata-54-g","status":"publish","type":"product","link":"https:\/\/www.treibrutari.ro\/ro\/produs\/biscuiti\/dulci\/poieni\/poieni-digestivi-multifibre-cu-glazura-cu-ciocolata-54-g","title":{"rendered":"Poieni Digestivi Multifibre cu glazura cu ciocolata 54 g"},"content":{"rendered":"<p>Cu 9% multifibre si un mix unic de 4 tipuri de fibre, noi biscuiti Poieni Digestivi reprezinta cel mai avansat concept de digestie din Romania in acest moment.<br \/>\nBiscuitii Poieni Digestivi cu Multifibre sunt dedicati celor interesati sa-si imbunatateasca digestia. Peste 5 milioane de romani au probleme cu digestia, si pentru ei exista acest biscuit digestiv inovativ, de cea mai buna calitate.<br \/>\nBiscuitii au multe atribute care ii fac sanatosi: 4 tipuri de fibre: grau, ovaz, mar si cicoare, alaturi de un continut de peste 6 % fibre din tarate de grau, care contribuie la accelerarea tranzitului intestinal. Cu peste 9% total fibre, biscuitii contin cu 40% mai multe fibre decat media biscuitilor digestivi de pe piata, care e de 6%.<br \/>\nDincolo de beneficiile de sanatate, biscuitii sunt deliciosi, cu o textura frageda si glazura delicioasa cu continut de ciocolata neagra.<\/p>\n\n<h4 class=\"block-head style7 margin-top-10\">INGREDIENTE<\/h4><div><p><strong>F\u0103in\u0103 alb\u0103 de gr\u00e2u 650<\/strong>, glazura cu ciocolata neagra (23%) {zahar, grasimi vegetale hidrogenate din samburi de palmier, cacao pudra cu continut redus de grasime (15%), ciocolata 2% [zahar, masa cacao, unt cacao, cacao pudra cu continut redus de grasime, emulsifiant (<strong>lecitina din soia<\/strong>)], amidon din porumb, emulsifiant (<strong>lecitina din soia<\/strong>), aroma}, ulei vegetal nehidrogenat de palmier, zah\u0103r, <strong>t\u0103r\u00e2\u021be de gr\u00e2u<\/strong> (11.5 %), <strong>fulgi de ovaz<\/strong> (6%), ap\u0103, agen\u021bi de af\u00e2nare (bicarbonat de amoniu, bicarbonat de sodiu), sirop de glucoz\u0103, fibra de mar (0.9 %), inulina (0.6%), sare iodat\u0103, emulsifiant (<strong>lecitin\u0103 din soia<\/strong>), arome, acidifiant (acid citric).<\/p>\n<p>Poate con\u021bine urme de <strong>susan<\/strong>, <strong>alune<\/strong>, <strong>nuci<\/strong>, <strong>lapte<\/strong>.<\/p>\n<\/div>\n<h4 class=\"block-head style7 margin-top-10\">VALORI NUTRI\u0162IONALE (100G)<\/h4><table class=\"\" border=\"0\"><thead><tr><th>Valori nutritionale medii<\/th><th>per 100 g<\/th><th>% CR* per 100g<\/th><\/tr><\/thead><tbody><tr><td>Valoare energetica<\/td><td>2030 kJ \/ 486 kcal<\/td><td>24 %<\/td><\/tr><tr><td>Grasimi,<\/td><td>25 g<\/td><td>36 %<\/td><\/tr><tr><td>&nbsp;&nbsp;&nbsp;&nbsp;din care acizi grasi saturati<\/td><td>15.4 g<\/td><td>77 %<\/td><\/tr><tr><td>Glucide,<\/td><td>54 g<\/td><td>21 %<\/td><\/tr><tr><td>&nbsp;&nbsp;&nbsp;&nbsp;din care zaharuri<\/td><td>23 g<\/td><td>26 %<\/td><\/tr><tr><td>Fibre<\/td><td>7.5 g<\/td><td>-<\/td><\/tr><tr><td>Proteine<\/td><td>7.8 g<\/td><td>16 %<\/td><\/tr><tr><td>Sare<\/td><td>0.65 g<\/td><td>11 %<\/td><\/tr><\/tbody><\/table>% CR * = Consumul de referin\u021b\u0103 al unui adult obi\u0219nuit (8400 kJ \/ 2000 kcal)\n<h4 class=\"block-head style7 margin-top-10\">CONDI\u0162II DE P\u0102STRARE<\/h4><div><p>A se p\u0103stra in loc uscat si r\u0103coros, ferit de caldura.<\/p>\n<\/div>\n<h4 class=\"block-head style7 margin-top-10\">INFORMA\u0162II SUPLIMENTARE<\/h4><table class=\"\" border=\"0\"><tbody><tr><td>Brand<\/td><td>Poieni<\/td><\/tr><tr><td>Greutate\/buc (g)<\/td><td>54<\/td><\/tr><tr><td>Termen valabilitate (zile)<\/td><td>180<\/td><\/tr><tr><td>Cod de bare produs (EAN)<\/td><td>5941896700450<\/td><\/tr><tr><td>Cod de bare bax (EAN)<\/td><td>15941896700457<\/td><\/tr><tr><td>Nr. Buc \/ Bax<\/td><td>30<\/td><\/tr><tr><td>Nr. Bax\/ Palet<\/td><td>180<\/td><\/tr><tr><td>Dimensiuni palet \u00een cm<\/td><td>120 x 80 x 163.5<\/td><\/tr><tr><td>Greutate net\u0103 bax (kg)<\/td><td>1.62<\/td><\/tr><tr><td>Greutate brut\u0103 bax (kg)<\/td><td>1.812<\/td><\/tr><tr><td>Greutate net\u0103 palet (kg)<\/td><td>291.60<\/td><\/tr><tr><td>Greutate brut\u0103 palet (kg)<\/td><td>351.16<\/td><\/tr><\/tbody><\/table>\n","protected":false},"excerpt":{"rendered":"<p>Biscuiti Digestivi Multifibre cu glazura cu ciocolata 54 g <a class=\"more-link\" href=\"https:\/\/www.treibrutari.ro\/ro\/produs\/biscuiti\/dulci\/poieni\/poieni-digestivi-multifibre-cu-glazura-cu-ciocolata-54-g\">Cite\u0219te mai mult<\/a><\/p>\n","protected":false},"featured_media":7071,"template":"","meta":[],"product_cat":[20,229,34,257],"product_tag":[67,40],"acf":[],"_links":{"self":[{"href":"https:\/\/www.treibrutari.ro\/ro\/wp-json\/wp\/v2\/product\/7069"}],"collection":[{"href":"https:\/\/www.treibrutari.ro\/ro\/wp-json\/wp\/v2\/product"}],"about":[{"href":"https:\/\/www.treibrutari.ro\/ro\/wp-json\/wp\/v2\/types\/product"}],"wp:featuredmedia":[{"embeddable":true,"href":"https:\/\/www.treibrutari.ro\/ro\/wp-json\/wp\/v2\/media\/7071"}],"wp:attachment":[{"href":"https:\/\/www.treibrutari.ro\/ro\/wp-json\/wp\/v2\/media?parent=7069"}],"wp:term":[{"taxonomy":"product_cat","embeddable":true,"href":"https:\/\/www.treibrutari.ro\/ro\/wp-json\/wp\/v2\/product_cat?post=7069"},{"taxonomy":"product_tag","embeddable":true,"href":"https:\/\/www.treibrutari.ro\/ro\/wp-json\/wp\/v2\/product_tag?post=7069"}],"curies":[{"name":"wp","href":"https:\/\/api.w.org\/{rel}","templated":true}]}}