{"id":6976,"date":"2020-05-12T12:09:42","date_gmt":"2020-05-12T12:09:42","guid":{"rendered":"https:\/\/www.treibrutari.ro\/?post_type=product&#038;p=6976"},"modified":"2021-04-08T10:58:35","modified_gmt":"2021-04-08T10:58:35","slug":"velpitar-biscuiti-populari-500g","status":"publish","type":"product","link":"https:\/\/www.treibrutari.ro\/ro\/produs\/biscuiti\/dulci\/vel-pitar-biscuiti-dulci\/velpitar-biscuiti-populari-500g","title":{"rendered":"VelPitar Biscuiti Populari 500g"},"content":{"rendered":"<p><p>VelPitar Biscuiti Populari 500 g<\/p>\n<br \/>\n<\/p>\n<h4 class=\"block-head style7 margin-top-10\">INGREDIENTE<\/h4><div><p>F\u0103in\u0103 alb\u0103 de gr\u00e2u 650, ap\u0103, ulei vegetal nehidrogenat de palmier, zah\u0103r, sirop de glucoz\u0103, agen\u021bi de af\u00e2nare (bicarbonat de amoniu, bicarbonat de sodiu), sare iodat\u0103, acidifiant (acid citric), conservant (metabisulfit de sodiu).<\/p>\n<\/div>\n<h4 class=\"block-head style7 margin-top-10\">VALORI NUTRI\u0162IONALE (100G)<\/h4><table class=\"\" border=\"0\"><thead><tr><th>Valori nutri\u021bionale medii<\/th><th>per 100 g<\/th><th>% CR* per 100 g<\/th><\/tr><\/thead><tbody><tr><td>Valoare energetic\u0103<\/td><td>1745  kJ \/ 413 kcal<\/td><td>21 %<\/td><\/tr><tr><td>Gr\u0103simi,<\/td><td>9.05 g<\/td><td>13 %<\/td><\/tr><tr><td>&nbsp;&nbsp;&nbsp;&nbsp;din care acizi gra\u0219i satura\u021bi<\/td><td>4.34 g<\/td><td>22 %<\/td><\/tr><tr><td>Glucide,<\/td><td>71.94 g<\/td><td>28 %<\/td><\/tr><tr><td>&nbsp;&nbsp;&nbsp;&nbsp;din care zaharuri<\/td><td>12.74 g<\/td><td>14 %<\/td><\/tr><tr><td>Fibre<\/td><td>2.96 g<\/td><td>-<\/td><\/tr><tr><td>Proteine<\/td><td>9.6 g<\/td><td>19 %<\/td><\/tr><tr><td>Sare<\/td><td>0.48 g<\/td><td>8 %<\/td><\/tr><\/tbody><\/table>% CR * = Consumul de referin\u021b\u0103 al unui adult obi\u0219nuit (8400 kJ \/ 2000 kcal)\n<h4 class=\"block-head style7 margin-top-10\">CONDI\u0162II DE P\u0102STRARE<\/h4><div><p>A se p\u0103stra la loc uscat, aerisit \u015fi r\u0103coros. A se feri de soare. Se recomand\u0103 temperatur\u0103 maxim\u0103 de 25\u00b0C \u015fi umiditate relativ\u0103 maxim de 75%.<\/p>\n<\/div>\n<h4 class=\"block-head style7 margin-top-10\">INFORMA\u0162II SUPLIMENTARE<\/h4><table class=\"\" border=\"0\"><tbody><tr><td>Brand<\/td><td>VelPitar<\/td><\/tr><tr><td>Greutate\/buc (g)<\/td><td>500<\/td><\/tr><tr><td>Termen valabilitate (zile)<\/td><td>365<\/td><\/tr><tr><td>Cod de bare produs (EAN)<\/td><td><\/td><\/tr><tr><td>Cod de bare bax (EAN)<\/td><td><\/td><\/tr><tr><td>Nr. Buc \/ Bax<\/td><td><\/td><\/tr><tr><td>Nr. Bax\/ Palet<\/td><td><\/td><\/tr><tr><td>Dimensiuni palet \u00een cm<\/td><td><\/td><\/tr><tr><td>Greutate carton display\/bax<\/td><td><\/td><\/tr><tr><td>Greutate brut\u0103 bax (kg)<\/td><td><\/td><\/tr><tr><td>Greutate net\u0103 palet (kg)<\/td><td><\/td><\/tr><tr><td>Greutate brut\u0103 palet (kg)<\/td><td><\/td><\/tr><\/tbody><\/table>\n","protected":false},"excerpt":{"rendered":"<p>VelPitar Biscuiti Populari 500 g <a class=\"more-link\" href=\"https:\/\/www.treibrutari.ro\/ro\/produs\/biscuiti\/dulci\/vel-pitar-biscuiti-dulci\/velpitar-biscuiti-populari-500g\">Cite\u0219te mai mult<\/a><\/p>\n","protected":false},"featured_media":1040,"template":"","meta":[],"product_cat":[20,229,36],"product_tag":[41],"acf":[],"_links":{"self":[{"href":"https:\/\/www.treibrutari.ro\/ro\/wp-json\/wp\/v2\/product\/6976"}],"collection":[{"href":"https:\/\/www.treibrutari.ro\/ro\/wp-json\/wp\/v2\/product"}],"about":[{"href":"https:\/\/www.treibrutari.ro\/ro\/wp-json\/wp\/v2\/types\/product"}],"wp:featuredmedia":[{"embeddable":true,"href":"https:\/\/www.treibrutari.ro\/ro\/wp-json\/wp\/v2\/media\/1040"}],"wp:attachment":[{"href":"https:\/\/www.treibrutari.ro\/ro\/wp-json\/wp\/v2\/media?parent=6976"}],"wp:term":[{"taxonomy":"product_cat","embeddable":true,"href":"https:\/\/www.treibrutari.ro\/ro\/wp-json\/wp\/v2\/product_cat?post=6976"},{"taxonomy":"product_tag","embeddable":true,"href":"https:\/\/www.treibrutari.ro\/ro\/wp-json\/wp\/v2\/product_tag?post=6976"}],"curies":[{"name":"wp","href":"https:\/\/api.w.org\/{rel}","templated":true}]}}