{"id":6950,"date":"2020-05-12T08:43:11","date_gmt":"2020-05-12T08:43:11","guid":{"rendered":"https:\/\/www.treibrutari.ro\/?post_type=product&#038;p=6950"},"modified":"2021-04-08T10:58:13","modified_gmt":"2021-04-08T10:58:13","slug":"velpitar-biscuiti-populari-100g","status":"publish","type":"product","link":"https:\/\/www.treibrutari.ro\/ro\/produs\/biscuiti\/dulci\/vel-pitar-biscuiti-dulci\/velpitar-biscuiti-populari-100g","title":{"rendered":"VelPitar Biscui\u0163i Populari 100g"},"content":{"rendered":"<p>Fara ulei de plamier<br \/>\nProdusul nu contine sulfiti<\/p>\n\n<h4 class=\"block-head style7 margin-top-10\">INGREDIENTE<\/h4><div><p><strong>F\u0103in\u0103 alb\u0103 de gr\u00e2u 650 (ROMANIA)<\/strong>, ap\u0103, zah\u0103r, ulei rafinat de floarea soarelui high oleic, sirop de glucoz\u0103, agen\u021bi de af\u00e2nare (bicarbonat de amoniu, bicarbonat de sodiu), sare iodat\u0103, acidifiant (acid citric), arom\u0103, enzime.<\/p>\n<\/div>\n<h4 class=\"block-head style7 margin-top-10\">VALORI NUTRI\u0162IONALE (100G)<\/h4><table class=\"\" border=\"0\"><thead><tr><th>Valori nutritionale medii<\/th><th>per 100 g<\/th><th>% CR* per 100g<\/th><\/tr><\/thead><tbody><tr><td>Valoare energetica<\/td><td>1738  kJ \/ 414 kcal<\/td><td>21%<\/td><\/tr><tr><td>Grasimi,<\/td><td>7 g<\/td><td>10%<\/td><\/tr><tr><td>&nbsp;&nbsp;&nbsp;&nbsp;din care acizi grasi saturati<\/td><td>1 g<\/td><td>5%<\/td><\/tr><tr><td>Glucide,<\/td><td>75 g<\/td><td>29%<\/td><\/tr><tr><td>&nbsp;&nbsp;&nbsp;&nbsp;din care zaharuri<\/td><td>9 g<\/td><td>10%<\/td><\/tr><tr><td>Fibre<\/td><td>2.8 g<\/td><td>-<\/td><\/tr><tr><td>Proteine<\/td><td>10.3 g<\/td><td>20%<\/td><\/tr><tr><td>Sare<\/td><td>0.85 g<\/td><td>14%<\/td><\/tr><\/tbody><\/table>% CR * = Consumul de referin\u021b\u0103 al unui adult obi\u0219nuit (8400 kJ \/ 2000 kcal)\n<h4 class=\"block-head style7 margin-top-10\">CONDI\u0162II DE P\u0102STRARE<\/h4><div><p>A se p\u0103stra la loc uscat, aerisit \u015fi r\u0103coros. A se feri de soare. Se recomand\u0103 temperatur\u0103 maxim\u0103 de 25\u00b0C \u015fi umiditate relativ\u0103 maxim de 75%.<\/p>\n<\/div>\n<h4 class=\"block-head style7 margin-top-10\">INFORMA\u0162II SUPLIMENTARE<\/h4><table class=\"\" border=\"0\"><tbody><tr><td>Brand<\/td><td>VelPitar<\/td><\/tr><tr><td>Greutate\/buc (g)<\/td><td>100<\/td><\/tr><tr><td>Termen valabilitate (zile)<\/td><td>270<\/td><\/tr><tr><td>Cod de bare produs (EAN)<\/td><td>5941896700269<\/td><\/tr><tr><td>Cod de bare bax (EAN)<\/td><td>15941896700266<\/td><\/tr><tr><td>Nr. Buc \/ Bax<\/td><td>36<\/td><\/tr><tr><td>Nr. Bax\/ Palet<\/td><td>84<\/td><\/tr><tr><td>Dimensiuni palet \u00een cm<\/td><td>120 x 80 x 162<\/td><\/tr><tr><td>Greutate net\u0103 bax (kg)<\/td><td>3.6<\/td><\/tr><tr><td>Greutate brut\u0103 bax (kg)<\/td><td>3.872<\/td><\/tr><tr><td>Greutate net\u0103 palet (kg)<\/td><td>302.4<\/td><\/tr><tr><td>Greutate brut\u0103 palet (kg)<\/td><td>350.2<\/td><\/tr><\/tbody><\/table>\n","protected":false},"excerpt":{"rendered":"<p>Fara ulei de plamier<br \/>\nProdusul nu contine sulfiti <a class=\"more-link\" href=\"https:\/\/www.treibrutari.ro\/ro\/produs\/biscuiti\/dulci\/vel-pitar-biscuiti-dulci\/velpitar-biscuiti-populari-100g\">Cite\u0219te mai mult<\/a><\/p>\n","protected":false},"featured_media":6952,"template":"","meta":[],"product_cat":[20,229,36],"product_tag":[41],"acf":[],"_links":{"self":[{"href":"https:\/\/www.treibrutari.ro\/ro\/wp-json\/wp\/v2\/product\/6950"}],"collection":[{"href":"https:\/\/www.treibrutari.ro\/ro\/wp-json\/wp\/v2\/product"}],"about":[{"href":"https:\/\/www.treibrutari.ro\/ro\/wp-json\/wp\/v2\/types\/product"}],"wp:featuredmedia":[{"embeddable":true,"href":"https:\/\/www.treibrutari.ro\/ro\/wp-json\/wp\/v2\/media\/6952"}],"wp:attachment":[{"href":"https:\/\/www.treibrutari.ro\/ro\/wp-json\/wp\/v2\/media?parent=6950"}],"wp:term":[{"taxonomy":"product_cat","embeddable":true,"href":"https:\/\/www.treibrutari.ro\/ro\/wp-json\/wp\/v2\/product_cat?post=6950"},{"taxonomy":"product_tag","embeddable":true,"href":"https:\/\/www.treibrutari.ro\/ro\/wp-json\/wp\/v2\/product_tag?post=6950"}],"curies":[{"name":"wp","href":"https:\/\/api.w.org\/{rel}","templated":true}]}}