{"id":4589,"date":"2020-03-02T08:39:29","date_gmt":"2020-03-02T08:39:29","guid":{"rendered":"https:\/\/www.treibrutari.ro\/?post_type=product&#038;p=4589"},"modified":"2023-06-06T11:58:18","modified_gmt":"2023-06-06T11:58:18","slug":"trei-brutari-paine-boiereasca-neagra-700g","status":"publish","type":"product","link":"https:\/\/www.treibrutari.ro\/ro\/produs\/paine\/boiereasca\/trei-brutari-paine-boiereasca-neagra-700g","title":{"rendered":"Trei Brutari P\u00c2INE BOIEREASC\u0102 NEAGR\u0102 700G"},"content":{"rendered":"<p>Paine ovala feliata, din faina neagra de grau 700g, cu miez fin si aspect rustic. Bogata in fibre.<\/p>\n<p>Sortimentul Boiereasca Neagra pastreaza proprietatile painii Boiereasca Alba, avand un continut mai ridicat de fibre , cu beneficii pentru digestie.<\/p>\n<p>Termen de valabilitate: 10 zile<\/p>\n\n<h4 class=\"block-head style7 margin-top-10\">INGREDIENTE<\/h4><div><p>Ingrediente: <strong>faina neagra de grau<\/strong>, apa, drojdie, sare iodata, ulei vegetal de floarea soarelui, <strong>gluten din grau<\/strong>, conservanti (propionat de calciu, acid sorbic), otet din vin, antioxidant (acid ascorbic)<\/p>\n<\/div>\n<h4 class=\"block-head style7 margin-top-10\">VALORI NUTRI\u0162IONALE (100G)<\/h4><table class=\"\" border=\"0\"><thead><tr><th>Valori nutritionale medii<\/th><th>per 100g produs finit<\/th><\/tr><\/thead><tbody><tr><td>Valoare energetica<\/td><td>965 kJ \/ 229 kcal<\/td><\/tr><tr><td>Grasimi,<\/td><td>2,4 g<\/td><\/tr><tr><td>&nbsp;&nbsp;&nbsp;&nbsp;din care acizi grasi<\/td><td>0,3 g<\/td><\/tr><tr><td>Glucide,<\/td><td>39 g<\/td><\/tr><tr><td>&nbsp;&nbsp;&nbsp;&nbsp;din care zaharuri<\/td><td>3,2 g<\/td><\/tr><tr><td>Fibre<\/td><td>7,2 g<\/td><\/tr><tr><td>Proteine<\/td><td>9,6 g<\/td><\/tr><tr><td>Sare<\/td><td>1 g<\/td><\/tr><\/tbody><\/table>% CR * = Consumul de referin\u021b\u0103 al unui adult obi\u0219nuit (8400 kJ \/ 2000 kcal)\n<h4 class=\"block-head style7 margin-top-10\">CONDI\u0162II DE P\u0102STRARE<\/h4><div><p>A se p\u0103stra la loc uscat, aerisit \u015fi r\u0103coros.<\/p>\n<\/div>\n\n","protected":false},"excerpt":{"rendered":"<p>P\u00e2ine feliat\u0103 din f\u0103in\u0103 neagr\u0103 de gr\u00e2u 700g <a class=\"more-link\" href=\"https:\/\/www.treibrutari.ro\/ro\/produs\/paine\/boiereasca\/trei-brutari-paine-boiereasca-neagra-700g\">Cite\u0219te mai mult<\/a><\/p>\n","protected":false},"featured_media":7815,"template":"","meta":[],"product_cat":[22],"product_tag":[],"acf":[],"_links":{"self":[{"href":"https:\/\/www.treibrutari.ro\/ro\/wp-json\/wp\/v2\/product\/4589"}],"collection":[{"href":"https:\/\/www.treibrutari.ro\/ro\/wp-json\/wp\/v2\/product"}],"about":[{"href":"https:\/\/www.treibrutari.ro\/ro\/wp-json\/wp\/v2\/types\/product"}],"wp:featuredmedia":[{"embeddable":true,"href":"https:\/\/www.treibrutari.ro\/ro\/wp-json\/wp\/v2\/media\/7815"}],"wp:attachment":[{"href":"https:\/\/www.treibrutari.ro\/ro\/wp-json\/wp\/v2\/media?parent=4589"}],"wp:term":[{"taxonomy":"product_cat","embeddable":true,"href":"https:\/\/www.treibrutari.ro\/ro\/wp-json\/wp\/v2\/product_cat?post=4589"},{"taxonomy":"product_tag","embeddable":true,"href":"https:\/\/www.treibrutari.ro\/ro\/wp-json\/wp\/v2\/product_tag?post=4589"}],"curies":[{"name":"wp","href":"https:\/\/api.w.org\/{rel}","templated":true}]}}