{"id":1940,"date":"2019-12-14T19:01:39","date_gmt":"2019-12-14T19:01:39","guid":{"rendered":"https:\/\/www.treibrutari.ro\/?post_type=product&#038;p=1940"},"modified":"2021-04-08T11:07:01","modified_gmt":"2021-04-08T11:07:01","slug":"velpitar-minipretzel-200g","status":"publish","type":"product","link":"https:\/\/www.treibrutari.ro\/ro\/produs\/biscuiti\/sarati\/vel-pitar-biscuiti-sarati\/velpitar-minipretzel-200g","title":{"rendered":"VelPitar MiniPretzel 200g"},"content":{"rendered":"<p><p>Mini Pretzel<\/p>\n<br \/>\n<\/p>\n<h4 class=\"block-head style7 margin-top-10\">INGREDIENTE<\/h4><div><p><strong>F\u0103in\u0103 alb\u0103 de gr\u00e2u 650<\/strong>, ap\u0103, ulei vegetal nehidrogenat de palmier, sare iodat\u0103 (4%), sirop de glucoz\u0103, zah\u0103r, agen\u021bi de af\u00e2nare (bicarbonat de amoniu, bicarbonat de sodiu), drojdie, corector de aciditate (hidroxid de sodiu), conservant (<strong>metabisulfit de sodiu<\/strong>).<\/p>\n<\/div>\n<h4 class=\"block-head style7 margin-top-10\">VALORI NUTRI\u0162IONALE (100G)<\/h4><table class=\"\" border=\"0\"><thead><tr><th>Valori nutritionale medii<\/th><th>per 100 g<\/th><th>% CR* per 100g<\/th><\/tr><\/thead><tbody><tr><td>Valoare energetica<\/td><td>1743 kJ \/ 413 kcal<\/td><td>21 %<\/td><\/tr><tr><td>Grasimi,<\/td><td>8.73 g<\/td><td>12 %<\/td><\/tr><tr><td>&nbsp;&nbsp;&nbsp;&nbsp;din care acizi grasi saturati<\/td><td>4.12 g<\/td><td>21 %<\/td><\/tr><tr><td>Glucide,<\/td><td>71.73 g<\/td><td>28 %<\/td><\/tr><tr><td>&nbsp;&nbsp;&nbsp;&nbsp;din care zaharuri<\/td><td>1.94 g<\/td><td>2 %<\/td><\/tr><tr><td>Fibre<\/td><td>3.8 g<\/td><td>-<\/td><\/tr><tr><td>Proteine<\/td><td>10.01 g<\/td><td>20 %<\/td><\/tr><tr><td>Sare<\/td><td>3.19 g<\/td><td>53 %<\/td><\/tr><\/tbody><\/table>% CR * = Consumul de referin\u021b\u0103 al unui adult obi\u0219nuit (8400 kJ \/ 2000 kcal)\n<h4 class=\"block-head style7 margin-top-10\">CONDI\u0162II DE P\u0102STRARE<\/h4><div><p>A se p\u0103stra la loc uscat, aerisit \u015fi r\u0103coros. A se feri de soare. Se recomand\u0103 temperatur\u0103 maxim\u0103 de 25\u00b0C \u015fi umiditate relativ\u0103 maxim de 75%.<\/p>\n<\/div>\n<h4 class=\"block-head style7 margin-top-10\">INFORMA\u0162II SUPLIMENTARE<\/h4><table class=\"\" border=\"0\"><tbody><tr><td>Brand<\/td><td>VelPitar<\/td><\/tr><tr><td>Greutate\/buc (g)<\/td><td>200<\/td><\/tr><tr><td>Termen valabilitate (zile)<\/td><td>301<\/td><\/tr><tr><td>Cod de bare produs (EAN)<\/td><td>5941143022151<\/td><\/tr><tr><td>Cod de bare bax (EAN)<\/td><td>25941143022155<\/td><\/tr><tr><td>Nr. Buc \/ Bax<\/td><td>14<\/td><\/tr><tr><td>Nr. Bax\/ Palet<\/td><td>56<\/td><\/tr><tr><td>Dimensiuni palet \u00een cm<\/td><td>120 x 80 x 162<\/td><\/tr><tr><td>Greutate net\u0103 bax (kg)<\/td><td>2.8<\/td><\/tr><tr><td>Greutate brut\u0103 bax (kg)<\/td><td>3.123<\/td><\/tr><tr><td>Greutate net\u0103 palet (kg)<\/td><td>156.8<\/td><\/tr><tr><td>Greutate brut\u0103 palet (kg)<\/td><td>199.89<\/td><\/tr><\/tbody><\/table>\n","protected":false},"excerpt":{"rendered":"<p>Mini Pretzel <a class=\"more-link\" href=\"https:\/\/www.treibrutari.ro\/ro\/produs\/biscuiti\/sarati\/vel-pitar-biscuiti-sarati\/velpitar-minipretzel-200g\">Cite\u0219te mai mult<\/a><\/p>\n","protected":false},"featured_media":1942,"template":"","meta":[],"product_cat":[20,230,233],"product_tag":[44],"acf":[],"_links":{"self":[{"href":"https:\/\/www.treibrutari.ro\/ro\/wp-json\/wp\/v2\/product\/1940"}],"collection":[{"href":"https:\/\/www.treibrutari.ro\/ro\/wp-json\/wp\/v2\/product"}],"about":[{"href":"https:\/\/www.treibrutari.ro\/ro\/wp-json\/wp\/v2\/types\/product"}],"wp:featuredmedia":[{"embeddable":true,"href":"https:\/\/www.treibrutari.ro\/ro\/wp-json\/wp\/v2\/media\/1942"}],"wp:attachment":[{"href":"https:\/\/www.treibrutari.ro\/ro\/wp-json\/wp\/v2\/media?parent=1940"}],"wp:term":[{"taxonomy":"product_cat","embeddable":true,"href":"https:\/\/www.treibrutari.ro\/ro\/wp-json\/wp\/v2\/product_cat?post=1940"},{"taxonomy":"product_tag","embeddable":true,"href":"https:\/\/www.treibrutari.ro\/ro\/wp-json\/wp\/v2\/product_tag?post=1940"}],"curies":[{"name":"wp","href":"https:\/\/api.w.org\/{rel}","templated":true}]}}