{"id":1924,"date":"2019-12-14T17:48:56","date_gmt":"2019-12-14T17:48:56","guid":{"rendered":"https:\/\/www.treibrutari.ro\/?post_type=product&#038;p=1924"},"modified":"2021-04-08T11:09:00","modified_gmt":"2021-04-08T11:09:00","slug":"velpitar-minicrackers-80g","status":"publish","type":"product","link":"https:\/\/www.treibrutari.ro\/ro\/produs\/biscuiti\/sarati\/vel-pitar-biscuiti-sarati\/velpitar-minicrackers-80g","title":{"rendered":"VelPitar MINICRACKERS 80G"},"content":{"rendered":"<p><p>MINICRACKERS CU SARE<\/p>\n<br \/>\n<\/p>\n<h4 class=\"block-head style7 margin-top-10\">INGREDIENTE<\/h4><div><p><strong>F\u0103in\u0103 alb\u0103 de gr\u00e2u 650<\/strong>, ap\u0103, uleiuri vegetale nehidrogenate de palmier \u0219i cocos \u00een propor\u021bii variate, amidon din porumb, zah\u0103r, agen\u021bi de af\u00e2nare (bicarbonat de amoniu, bicarbonat de sodiu), sare iodat\u0103 (2.7%), <strong>zer pudr\u0103<\/strong> (con\u021bine <strong>lapte<\/strong>, <strong>lactoz\u0103<\/strong>), conservant (<strong>metabisulfit de sodiu<\/strong>), acidifiant (acid citric), enzime.<\/p>\n<\/div>\n<h4 class=\"block-head style7 margin-top-10\">VALORI NUTRI\u0162IONALE (100G)<\/h4><table class=\"\" border=\"0\"><thead><tr><th>Valori nutritionale medii<\/th><th>per 100 g<\/th><th>% CR* per 100g<\/th><\/tr><\/thead><tbody><tr><td>Valoare energetica<\/td><td>1963 kJ \/ 468 kcal<\/td><td>23 %<\/td><\/tr><tr><td>Grasimi,<\/td><td>18.99 g<\/td><td>27 %<\/td><\/tr><tr><td>&nbsp;&nbsp;&nbsp;&nbsp;din care acizi grasi saturati<\/td><td>11.89 g<\/td><td>59 %<\/td><\/tr><tr><td>Glucide,<\/td><td>64.21 g<\/td><td>25 %<\/td><\/tr><tr><td>&nbsp;&nbsp;&nbsp;&nbsp;din care zaharuri<\/td><td>0.98 g<\/td><td>1 %<\/td><\/tr><tr><td>Fibre<\/td><td>3.65 g<\/td><td>-<\/td><\/tr><tr><td>Proteine<\/td><td>8.23 g<\/td><td>16 %<\/td><\/tr><tr><td>Sare<\/td><td>1.74 g<\/td><td>29 %<\/td><\/tr><\/tbody><\/table>% CR * = Consumul de referin\u021b\u0103 al unui adult obi\u0219nuit (8400 kJ \/ 2000 kcal)\n<h4 class=\"block-head style7 margin-top-10\">CONDI\u0162II DE P\u0102STRARE<\/h4><div><p>A se p\u0103stra la loc uscat, aerisit \u015fi r\u0103coros. A se feri de soare. Se recomand\u0103 temperatur\u0103 maxim\u0103 de 25\u00b0C \u015fi umiditate relativ\u0103 maxim de 75%.<\/p>\n<\/div>\n<h4 class=\"block-head style7 margin-top-10\">INFORMA\u0162II SUPLIMENTARE<\/h4><table class=\"\" border=\"0\"><tbody><tr><td>Brand<\/td><td>VelPitar<\/td><\/tr><tr><td>Greutate\/buc (g)<\/td><td>80<\/td><\/tr><tr><td>Termen valabilitate (zile)<\/td><td>301<\/td><\/tr><tr><td>Cod de bare produs (EAN)<\/td><td>5941143022090<\/td><\/tr><tr><td>Cod de bare bax (EAN)<\/td><td>25941143022094<\/td><\/tr><tr><td>Nr. Buc \/ Bax<\/td><td>38<\/td><\/tr><tr><td>Nr. Bax\/ Palet<\/td><td>56<\/td><\/tr><tr><td>Dimensiuni palet \u00een cm<\/td><td>120 x 80 x 162<\/td><\/tr><tr><td>Greutate net\u0103 bax (kg)<\/td><td>3.04<\/td><\/tr><tr><td>Greutate brut\u0103 bax (kg)<\/td><td>3.407<\/td><\/tr><tr><td>Greutate net\u0103 palet (kg)<\/td><td>170.24<\/td><\/tr><tr><td>Greutate brut\u0103 palet (kg)<\/td><td>215.79<\/td><\/tr><\/tbody><\/table>\n","protected":false},"excerpt":{"rendered":"<p>MiniCrackers cu sare <a class=\"more-link\" href=\"https:\/\/www.treibrutari.ro\/ro\/produs\/biscuiti\/sarati\/vel-pitar-biscuiti-sarati\/velpitar-minicrackers-80g\">Cite\u0219te mai mult<\/a><\/p>\n","protected":false},"featured_media":3022,"template":"","meta":[],"product_cat":[20,230,233],"product_tag":[43],"acf":[],"_links":{"self":[{"href":"https:\/\/www.treibrutari.ro\/ro\/wp-json\/wp\/v2\/product\/1924"}],"collection":[{"href":"https:\/\/www.treibrutari.ro\/ro\/wp-json\/wp\/v2\/product"}],"about":[{"href":"https:\/\/www.treibrutari.ro\/ro\/wp-json\/wp\/v2\/types\/product"}],"wp:featuredmedia":[{"embeddable":true,"href":"https:\/\/www.treibrutari.ro\/ro\/wp-json\/wp\/v2\/media\/3022"}],"wp:attachment":[{"href":"https:\/\/www.treibrutari.ro\/ro\/wp-json\/wp\/v2\/media?parent=1924"}],"wp:term":[{"taxonomy":"product_cat","embeddable":true,"href":"https:\/\/www.treibrutari.ro\/ro\/wp-json\/wp\/v2\/product_cat?post=1924"},{"taxonomy":"product_tag","embeddable":true,"href":"https:\/\/www.treibrutari.ro\/ro\/wp-json\/wp\/v2\/product_tag?post=1924"}],"curies":[{"name":"wp","href":"https:\/\/api.w.org\/{rel}","templated":true}]}}