{"id":1770,"date":"2019-12-09T21:08:00","date_gmt":"2019-12-09T21:08:00","guid":{"rendered":"https:\/\/www.treibrutari.ro\/?post_type=product&#038;p=1770"},"modified":"2020-05-12T12:23:25","modified_gmt":"2020-05-12T12:23:25","slug":"tabiet-biscuiti-cu-miere-110g","status":"publish","type":"product","link":"https:\/\/www.treibrutari.ro\/ro\/produs\/biscuiti\/dulci\/tabiet\/tabiet-biscuiti-cu-miere-110g","title":{"rendered":"TABIET Biscui\u0163i cu miere 110g"},"content":{"rendered":"<p><p>Biscui\u0163i cu miere rom\u00e2neasc\u0103 100%<\/p>\n<br \/>\n<\/p>\n<h4 class=\"block-head style7 margin-top-10\">INGREDIENTE<\/h4><div><p><strong>F\u0103in\u0103 alb\u0103 de gr\u00e2u 650<\/strong>, zah\u0103r, ulei vegetal nehidrogenat de palmier, ap\u0103, miere (5%), amidon de porumb, agen\u021bi de af\u00e2nare (bicarbonat de amoniu, bicarbonat de sodiu), arom\u0103, sare iodat\u0103, emulsifiant (<strong>lecitina din soia<\/strong>), acidifiant (acid citric).<\/p>\n<\/div>\n<h4 class=\"block-head style7 margin-top-10\">VALORI NUTRI\u0162IONALE (100G)<\/h4><table class=\"\" border=\"0\"><thead><tr><th>Valori nutritionale medii<\/th><th>per 100 g<\/th><th>% CR* per 100g<\/th><\/tr><\/thead><tbody><tr><td>Valoare energetica<\/td><td>1983 kJ \/ 474 kcal<\/td><td>24 %<\/td><\/tr><tr><td>Grasimi,<\/td><td>14g<\/td><td>20 %<\/td><\/tr><tr><td>&nbsp;&nbsp;&nbsp;&nbsp;din care acizi grasi saturati<\/td><td>7.1g<\/td><td>36 %<\/td><\/tr><tr><td>Glucide,<\/td><td>76g<\/td><td>29 %<\/td><\/tr><tr><td>&nbsp;&nbsp;&nbsp;&nbsp;din care zaharuri<\/td><td>20g<\/td><td>22 %<\/td><\/tr><tr><td>Fibre<\/td><td>2.1g<\/td><td>-<\/td><\/tr><tr><td>Proteine<\/td><td>7.9g<\/td><td>16 %<\/td><\/tr><tr><td>Sare<\/td><td>0.62g<\/td><td>10 %<\/td><\/tr><\/tbody><\/table>% CR * = Consumul de referin\u021b\u0103 al unui adult obi\u0219nuit (8400 kJ \/ 2000 kcal)\n<h4 class=\"block-head style7 margin-top-10\">CONDI\u0162II DE P\u0102STRARE<\/h4><div><p>A se p\u0103stra la loc uscat, aerisit \u015fi r\u0103coros. A se feri de soare. Se recomand\u0103 temperatur\u0103 maxim\u0103 de 25\u00b0C \u015fi umiditate relativ\u0103 maxim de 75%.<\/p>\n<\/div>\n<h4 class=\"block-head style7 margin-top-10\">INFORMA\u0162II SUPLIMENTARE<\/h4><table class=\"\" border=\"0\"><tbody><tr><td>Brand<\/td><td>Tabiet<\/td><\/tr><tr><td>Greutate\/buc (g)<\/td><td>110<\/td><\/tr><tr><td>Termen valabilitate (zile)<\/td><td>270<\/td><\/tr><tr><td>Cod de bare produs (EAN)<\/td><td>5941896700160<\/td><\/tr><tr><td>Cod de bare bax (EAN)<\/td><td>15941896700167<\/td><\/tr><tr><td>Nr. Buc \/ Bax<\/td><td>24<\/td><\/tr><tr><td>Nr. Bax\/ Palet<\/td><td>128<\/td><\/tr><tr><td>Dimensiuni palet \u00een cm<\/td><td>120 x 80 x 143<\/td><\/tr><tr><td>Greutate net\u0103 bax (kg)<\/td><td>2.64<\/td><\/tr><tr><td>Greutate brut\u0103 bax (kg)<\/td><td>2.848<\/td><\/tr><tr><td>Greutate net\u0103 palet (kg)<\/td><td>337.92<\/td><\/tr><tr><td>Greutate brut\u0103 palet (kg)<\/td><td>389.54<\/td><\/tr><\/tbody><\/table>\n","protected":false},"excerpt":{"rendered":"<p>Biscui\u0163i cu miere rom\u00e2neasc\u0103 100% <a class=\"more-link\" href=\"https:\/\/www.treibrutari.ro\/ro\/produs\/biscuiti\/dulci\/tabiet\/tabiet-biscuiti-cu-miere-110g\">Cite\u0219te mai mult<\/a><\/p>\n","protected":false},"featured_media":2822,"template":"","meta":[],"product_cat":[20,229,35],"product_tag":[40],"acf":[],"_links":{"self":[{"href":"https:\/\/www.treibrutari.ro\/ro\/wp-json\/wp\/v2\/product\/1770"}],"collection":[{"href":"https:\/\/www.treibrutari.ro\/ro\/wp-json\/wp\/v2\/product"}],"about":[{"href":"https:\/\/www.treibrutari.ro\/ro\/wp-json\/wp\/v2\/types\/product"}],"wp:featuredmedia":[{"embeddable":true,"href":"https:\/\/www.treibrutari.ro\/ro\/wp-json\/wp\/v2\/media\/2822"}],"wp:attachment":[{"href":"https:\/\/www.treibrutari.ro\/ro\/wp-json\/wp\/v2\/media?parent=1770"}],"wp:term":[{"taxonomy":"product_cat","embeddable":true,"href":"https:\/\/www.treibrutari.ro\/ro\/wp-json\/wp\/v2\/product_cat?post=1770"},{"taxonomy":"product_tag","embeddable":true,"href":"https:\/\/www.treibrutari.ro\/ro\/wp-json\/wp\/v2\/product_tag?post=1770"}],"curies":[{"name":"wp","href":"https:\/\/api.w.org\/{rel}","templated":true}]}}