{"id":1768,"date":"2019-12-09T20:54:58","date_gmt":"2019-12-09T20:54:58","guid":{"rendered":"https:\/\/www.treibrutari.ro\/?post_type=product&#038;p=1768"},"modified":"2020-01-28T11:09:34","modified_gmt":"2020-01-28T11:09:34","slug":"tabiet-biscuiti-digestivi-obisnuiti-2-5-kg","status":"publish","type":"product","link":"https:\/\/www.treibrutari.ro\/ro\/produs\/biscuiti\/dulci\/vracuri-biscuiti-dulci\/tabiet-biscuiti-digestivi-obisnuiti-2-5-kg","title":{"rendered":"TABIET \u2013 Biscui\u021bi digestivi obi\u0219nui\u021bi 2.5kg"},"content":{"rendered":"<p><br \/>\n<\/p>\n<h4 class=\"block-head style7 margin-top-10\">INGREDIENTE<\/h4><div><p><strong>F\u0103in\u0103 alb\u0103 de gr\u00e2u 650<\/strong>, zah\u0103r, ulei vegetal nehidrogenat de palmier, <strong>t\u0103r\u00e2te de gr\u00e2u<\/strong> (8.8%), ap\u0103, <strong>f\u0103in\u0103 integral\u0103 de gr\u00e2u<\/strong> (4%), sirop de glucoz\u0103, <strong>extract de malt<\/strong> (din <strong>orz<\/strong>), agen\u021bi de af\u00e2nare (bicarbonat de amoniu, bicarbonat de sodiu), sare iodat\u0103, emulsifiant (<strong>lecitina din soia<\/strong>), arom\u0103, acidifiant (acid citric).<\/p>\n<\/div>\n<h4 class=\"block-head style7 margin-top-10\">VALORI NUTRI\u0162IONALE (100G)<\/h4><table class=\"\" border=\"0\"><thead><tr><th>Valori nutritionale medii<\/th><th>per 100 g<\/th><th>% CR* per 100g<\/th><\/tr><\/thead><tbody><tr><td>Valoare energetica<\/td><td>1957 kJ \/ 466 kcal<\/td><td>23 %<\/td><\/tr><tr><td>Grasimi,<\/td><td>16 g<\/td><td>23 %<\/td><\/tr><tr><td>&nbsp;&nbsp;&nbsp;&nbsp;din care acizi grasi saturati<\/td><td>7.4 g<\/td><td>37 %<\/td><\/tr><tr><td>Glucide,<\/td><td>68 g<\/td><td>26 %<\/td><\/tr><tr><td>&nbsp;&nbsp;&nbsp;&nbsp;din care zaharuri<\/td><td>21 g<\/td><td>23 %<\/td><\/tr><tr><td>Fibre<\/td><td>6.2 g<\/td><td>-<\/td><\/tr><tr><td>Proteine<\/td><td>8.7 g<\/td><td>17 %<\/td><\/tr><tr><td>Sare<\/td><td>0.9 g<\/td><td>15 %<\/td><\/tr><\/tbody><\/table>% CR * = Consumul de referin\u021b\u0103 al unui adult obi\u0219nuit (8400 kJ \/ 2000 kcal)\n<h4 class=\"block-head style7 margin-top-10\">CONDI\u0162II DE P\u0102STRARE<\/h4><div><p>A se p\u0103stra la loc uscat, aerisit \u015fi r\u0103coros. A se feri de soare. Se recomand\u0103 temperatur\u0103 maxim\u0103 de 25\u00b0C \u015fi umiditate relativ\u0103 maxim de 75%.<\/p>\n<\/div>\n<h4 class=\"block-head style7 margin-top-10\">INFORMA\u0162II SUPLIMENTARE<\/h4><table class=\"\" border=\"0\"><tbody><tr><td>Brand<\/td><td>Tabiet<\/td><\/tr><tr><td>Greutate\/buc (g)<\/td><td>2500<\/td><\/tr><tr><td>Termen valabilitate (zile)<\/td><td>270<\/td><\/tr><tr><td>Cod de bare produs (EAN)<\/td><td>-<\/td><\/tr><tr><td>Cod de bare bax (EAN)<\/td><td>5941896700146<\/td><\/tr><tr><td>Nr. Buc \/ Bax<\/td><td>1<\/td><\/tr><tr><td>Nr. Bax\/ Palet<\/td><td>120<\/td><\/tr><tr><td>Dimensiuni palet \u00een cm<\/td><td>120 x 80 x 115<\/td><\/tr><tr><td>Greutate net\u0103 bax (kg)<\/td><td>2.5<\/td><\/tr><tr><td>Greutate brut\u0103 bax (kg)<\/td><td><\/td><\/tr><tr><td>Greutate net\u0103 palet (kg)<\/td><td>300<\/td><\/tr><tr><td>Greutate brut\u0103 palet (kg)<\/td><td><\/td><\/tr><\/tbody><\/table>\n","protected":false},"excerpt":{"rendered":"<p>Biscui\u021bi digestivi <a class=\"more-link\" href=\"https:\/\/www.treibrutari.ro\/ro\/produs\/biscuiti\/dulci\/vracuri-biscuiti-dulci\/tabiet-biscuiti-digestivi-obisnuiti-2-5-kg\">Cite\u0219te mai mult<\/a><\/p>\n","protected":false},"featured_media":2882,"template":"","meta":[],"product_cat":[20,229,38],"product_tag":[40],"acf":[],"_links":{"self":[{"href":"https:\/\/www.treibrutari.ro\/ro\/wp-json\/wp\/v2\/product\/1768"}],"collection":[{"href":"https:\/\/www.treibrutari.ro\/ro\/wp-json\/wp\/v2\/product"}],"about":[{"href":"https:\/\/www.treibrutari.ro\/ro\/wp-json\/wp\/v2\/types\/product"}],"wp:featuredmedia":[{"embeddable":true,"href":"https:\/\/www.treibrutari.ro\/ro\/wp-json\/wp\/v2\/media\/2882"}],"wp:attachment":[{"href":"https:\/\/www.treibrutari.ro\/ro\/wp-json\/wp\/v2\/media?parent=1768"}],"wp:term":[{"taxonomy":"product_cat","embeddable":true,"href":"https:\/\/www.treibrutari.ro\/ro\/wp-json\/wp\/v2\/product_cat?post=1768"},{"taxonomy":"product_tag","embeddable":true,"href":"https:\/\/www.treibrutari.ro\/ro\/wp-json\/wp\/v2\/product_tag?post=1768"}],"curies":[{"name":"wp","href":"https:\/\/api.w.org\/{rel}","templated":true}]}}