{"id":1766,"date":"2019-12-09T20:39:26","date_gmt":"2019-12-09T20:39:26","guid":{"rendered":"https:\/\/www.treibrutari.ro\/?post_type=product&#038;p=1766"},"modified":"2020-01-28T11:09:50","modified_gmt":"2020-01-28T11:09:50","slug":"tabiet-biscuiti-digestivi-glazurati-3-3-kg","status":"publish","type":"product","link":"https:\/\/www.treibrutari.ro\/ro\/produs\/biscuiti\/dulci\/vracuri-biscuiti-dulci\/tabiet-biscuiti-digestivi-glazurati-3-3-kg","title":{"rendered":"TABIET \u2013 Biscui\u021bi digestivi glazura\u021bi 3.3Kg"},"content":{"rendered":"<p><br \/>\n<\/p>\n<h4 class=\"block-head style7 margin-top-10\">INGREDIENTE<\/h4><div><p><strong>F\u0103in\u0103 alb\u0103 de gr\u00e2u 650<\/strong>, glazur\u0103 de cacao (20%) [zah\u0103r, gr\u0103simi vegetale rafinate si nehidrogenate din sambure de palmier; cacao pudr\u0103 cu continut redus de grasime (13%), emulsifiant (<strong>lecitin\u0103 din soia<\/strong>), aroma natural\u0103 de vanilie], zah\u0103r, <strong>t\u0103r\u00e2te de gr\u00e2u<\/strong> (10.5%), ulei vegetal nehidrogenat de palmier, ap\u0103, <strong>f\u0103in\u0103 integral\u0103 de gr\u00e2u<\/strong> (4.2%), sirop de glucoz\u0103, <strong>extract de malt<\/strong> (din <strong>orz<\/strong>), agen\u021bi de af\u00e2nare (bicarbonat de amoniu, bicarbonat de sodiu), emulsifiant (<strong>lecitin\u0103 din soia<\/strong>), sare iodat\u0103, arom\u0103, acidifiant (acid citric).<\/p>\n<\/div>\n<h4 class=\"block-head style7 margin-top-10\">VALORI NUTRI\u0162IONALE (100G)<\/h4><table class=\"\" border=\"0\"><thead><tr><th>Valori nutritionale medii<\/th><th>per 100 g<\/th><th>% CR* per 100g<\/th><\/tr><\/thead><tbody><tr><td>Valoare energetica<\/td><td>1953 kJ \/ 465 kcal<\/td><td>23 %<\/td><\/tr><tr><td>Grasimi,<\/td><td>19 g<\/td><td>27 %<\/td><\/tr><tr><td>&nbsp;&nbsp;&nbsp;&nbsp;din care acizi grasi saturati<\/td><td>12 g<\/td><td>60 %<\/td><\/tr><tr><td>Glucide,<\/td><td>62 g<\/td><td>24 %<\/td><\/tr><tr><td>&nbsp;&nbsp;&nbsp;&nbsp;din care zaharuri<\/td><td>27 g<\/td><td>30 %<\/td><\/tr><tr><td>Fibre<\/td><td>6.2 g<\/td><td>-<\/td><\/tr><tr><td>Proteine<\/td><td>7.3 g<\/td><td>15 %<\/td><\/tr><tr><td>Sare<\/td><td>0.71 g<\/td><td>12 %<\/td><\/tr><\/tbody><\/table>% CR * = Consumul de referin\u021b\u0103 al unui adult obi\u0219nuit (8400 kJ \/ 2000 kcal)\n<h4 class=\"block-head style7 margin-top-10\">CONDI\u0162II DE P\u0102STRARE<\/h4><div><p>A se p\u0103stra la loc uscat, aerisit \u015fi r\u0103coros. A se feri de soare. Se recomand\u0103 temperatur\u0103 maxim\u0103 de 25\u00b0C \u015fi umiditate relativ\u0103 maxim de 75%.<\/p>\n<\/div>\n<h4 class=\"block-head style7 margin-top-10\">INFORMA\u0162II SUPLIMENTARE<\/h4><table class=\"\" border=\"0\"><tbody><tr><td>Brand<\/td><td>Tabiet<\/td><\/tr><tr><td>Greutate\/buc (g)<\/td><td>3300<\/td><\/tr><tr><td>Termen valabilitate (zile)<\/td><td>270<\/td><\/tr><tr><td>Cod de bare produs (EAN)<\/td><td>-<\/td><\/tr><tr><td>Cod de bare bax (EAN)<\/td><td>5941896700153<\/td><\/tr><tr><td>Nr. Buc \/ Bax<\/td><td>1<\/td><\/tr><tr><td>Nr. Bax\/ Palet<\/td><td>96<\/td><\/tr><tr><td>Dimensiuni palet \u00een cm<\/td><td>120 x 80 x 95<\/td><\/tr><tr><td>Greutate net\u0103 bax (kg)<\/td><td>3.3<\/td><\/tr><tr><td>Greutate brut\u0103 bax (kg)<\/td><td><\/td><\/tr><tr><td>Greutate net\u0103 palet (kg)<\/td><td>316.8<\/td><\/tr><tr><td>Greutate brut\u0103 palet (kg)<\/td><td><\/td><\/tr><\/tbody><\/table>\n","protected":false},"excerpt":{"rendered":"<p>TABIET &#8211; Biscuiti Digestivi Glazurati <a class=\"more-link\" href=\"https:\/\/www.treibrutari.ro\/ro\/produs\/biscuiti\/dulci\/vracuri-biscuiti-dulci\/tabiet-biscuiti-digestivi-glazurati-3-3-kg\">Cite\u0219te mai mult<\/a><\/p>\n","protected":false},"featured_media":2880,"template":"","meta":[],"product_cat":[20,229,38],"product_tag":[67,40],"acf":[],"_links":{"self":[{"href":"https:\/\/www.treibrutari.ro\/ro\/wp-json\/wp\/v2\/product\/1766"}],"collection":[{"href":"https:\/\/www.treibrutari.ro\/ro\/wp-json\/wp\/v2\/product"}],"about":[{"href":"https:\/\/www.treibrutari.ro\/ro\/wp-json\/wp\/v2\/types\/product"}],"wp:featuredmedia":[{"embeddable":true,"href":"https:\/\/www.treibrutari.ro\/ro\/wp-json\/wp\/v2\/media\/2880"}],"wp:attachment":[{"href":"https:\/\/www.treibrutari.ro\/ro\/wp-json\/wp\/v2\/media?parent=1766"}],"wp:term":[{"taxonomy":"product_cat","embeddable":true,"href":"https:\/\/www.treibrutari.ro\/ro\/wp-json\/wp\/v2\/product_cat?post=1766"},{"taxonomy":"product_tag","embeddable":true,"href":"https:\/\/www.treibrutari.ro\/ro\/wp-json\/wp\/v2\/product_tag?post=1766"}],"curies":[{"name":"wp","href":"https:\/\/api.w.org\/{rel}","templated":true}]}}