{"id":1736,"date":"2019-12-08T21:55:05","date_gmt":"2019-12-08T21:55:05","guid":{"rendered":"https:\/\/www.treibrutari.ro\/?post_type=product&#038;p=1736"},"modified":"2020-01-28T11:10:48","modified_gmt":"2020-01-28T11:10:48","slug":"poieni-cu-aroma-de-vanilie-glazurati-3kg","status":"publish","type":"product","link":"https:\/\/www.treibrutari.ro\/ro\/produs\/biscuiti\/dulci\/vracuri-biscuiti-dulci\/poieni-cu-aroma-de-vanilie-glazurati-3kg","title":{"rendered":"Poieni cu aroma de vanilie glazurati 3Kg"},"content":{"rendered":"<p><p>Biscuiti Poieni cu aroma de vanilie si glazura de cacao<\/p>\n<br \/>\n<\/p>\n<h4 class=\"block-head style7 margin-top-10\">INGREDIENTE<\/h4><div><p><strong>F\u0103in\u0103 alb\u0103 de gr\u00e2u 650<\/strong>, glazur\u0103 28 % [zah\u0103r, uleiuri vegetale rafinate \u0219i hidrogenate din s\u00e2mburi de palmier, cacao pudr\u0103 cu con\u021binut redus de gr\u0103sime (15 %), emulsifiant (<strong>lecitin\u0103 din soia<\/strong>), arom\u0103 (vanilin\u0103)], zah\u0103r, ulei vegetal nehidrogenat de palmier, ap\u0103, emulsifiant (<strong>lecitin\u0103 din soia<\/strong>), agen\u021bi de af\u00e2nare (bicarbonat de amoniu, bicarbonat de sodiu), sare iodat\u0103, acidifiant (acid citric), arom\u0103 (vanilin\u0103 0.03 %).<\/p>\n<\/div>\n<h4 class=\"block-head style7 margin-top-10\">VALORI NUTRI\u0162IONALE (100G)<\/h4><table class=\"\" border=\"0\"><thead><tr><th>Valori nutritionale medii<\/th><th>per 100 g<\/th><th>% CR* per 100g<\/th><\/tr><\/thead><tbody><tr><td>Valoare energetica<\/td><td>2079 kJ \/ 497 kcal<\/td><td>25 %<\/td><\/tr><tr><td>Grasimi,<\/td><td>23.52 g<\/td><td>34 %<\/td><\/tr><tr><td>&nbsp;&nbsp;&nbsp;&nbsp;din care acizi grasi saturati<\/td><td>16.04 g<\/td><td>80 %<\/td><\/tr><tr><td>Glucide,<\/td><td>65.42 g<\/td><td>25 %<\/td><\/tr><tr><td>&nbsp;&nbsp;&nbsp;&nbsp;din care zaharuri<\/td><td>27.60 g<\/td><td>31 %<\/td><\/tr><tr><td>Fibre<\/td><td>3.55 g<\/td><td>-<\/td><\/tr><tr><td>Proteine<\/td><td>7.59 g<\/td><td>15 %<\/td><\/tr><tr><td>Sare<\/td><td>0.29 g<\/td><td>5 %<\/td><\/tr><\/tbody><\/table>% CR * = Consumul de referin\u021b\u0103 al unui adult obi\u0219nuit (8400 kJ \/ 2000 kcal)\n<h4 class=\"block-head style7 margin-top-10\">CONDI\u0162II DE P\u0102STRARE<\/h4><div><p>A se p\u0103stra la loc uscat, aerisit \u015fi r\u0103coros. A se feri de soare. Se recomand\u0103 temperatur\u0103 maxim\u0103 de 25\u00b0C \u015fi umiditate relativ\u0103 maxim de 75%.<\/p>\n<\/div>\n<h4 class=\"block-head style7 margin-top-10\">INFORMA\u0162II SUPLIMENTARE<\/h4><table class=\"\" border=\"0\"><tbody><tr><td>Brand<\/td><td>Poieni<\/td><\/tr><tr><td>Greutate\/buc (g)<\/td><td>3000<\/td><\/tr><tr><td>Termen valabilitate (zile)<\/td><td>366<\/td><\/tr><tr><td>Cod de bare produs (EAN)<\/td><td>-<\/td><\/tr><tr><td>Cod de bare bax (EAN)<\/td><td>5941143009725<\/td><\/tr><tr><td>Nr. Buc \/ Bax<\/td><td>1<\/td><\/tr><tr><td>Nr. Bax\/ Palet<\/td><td>112<\/td><\/tr><tr><td>Dimensiuni palet \u00een cm<\/td><td>120 x 80 x 95<\/td><\/tr><tr><td>Greutate net\u0103 bax (kg)<\/td><td>3<\/td><\/tr><tr><td>Greutate brut\u0103 bax (kg)<\/td><td>3.195<\/td><\/tr><tr><td>Greutate net\u0103 palet (kg)<\/td><td>336<\/td><\/tr><tr><td>Greutate brut\u0103 palet (kg)<\/td><td>382.84<\/td><\/tr><\/tbody><\/table>\n","protected":false},"excerpt":{"rendered":"<p>Biscuiti Poieni cu aroma de vanilie si glazura de cacao <a class=\"more-link\" href=\"https:\/\/www.treibrutari.ro\/ro\/produs\/biscuiti\/dulci\/vracuri-biscuiti-dulci\/poieni-cu-aroma-de-vanilie-glazurati-3kg\">Cite\u0219te mai mult<\/a><\/p>\n","protected":false},"featured_media":2878,"template":"","meta":[],"product_cat":[20,229,38],"product_tag":[40],"acf":[],"_links":{"self":[{"href":"https:\/\/www.treibrutari.ro\/ro\/wp-json\/wp\/v2\/product\/1736"}],"collection":[{"href":"https:\/\/www.treibrutari.ro\/ro\/wp-json\/wp\/v2\/product"}],"about":[{"href":"https:\/\/www.treibrutari.ro\/ro\/wp-json\/wp\/v2\/types\/product"}],"wp:featuredmedia":[{"embeddable":true,"href":"https:\/\/www.treibrutari.ro\/ro\/wp-json\/wp\/v2\/media\/2878"}],"wp:attachment":[{"href":"https:\/\/www.treibrutari.ro\/ro\/wp-json\/wp\/v2\/media?parent=1736"}],"wp:term":[{"taxonomy":"product_cat","embeddable":true,"href":"https:\/\/www.treibrutari.ro\/ro\/wp-json\/wp\/v2\/product_cat?post=1736"},{"taxonomy":"product_tag","embeddable":true,"href":"https:\/\/www.treibrutari.ro\/ro\/wp-json\/wp\/v2\/product_tag?post=1736"}],"curies":[{"name":"wp","href":"https:\/\/api.w.org\/{rel}","templated":true}]}}