{"id":1702,"date":"2019-12-08T19:09:02","date_gmt":"2019-12-08T19:09:02","guid":{"rendered":"https:\/\/www.treibrutari.ro\/?post_type=product&#038;p=1702"},"modified":"2020-05-12T11:55:47","modified_gmt":"2020-05-12T11:55:47","slug":"poieni-catina-si-seminte-de-in-132g","status":"publish","type":"product","link":"https:\/\/www.treibrutari.ro\/ro\/produs\/biscuiti\/dulci\/poieni\/poieni-catina-si-seminte-de-in-132g","title":{"rendered":"Poieni C\u0103tin\u0103 \u0219i semin\u021be de in 132g"},"content":{"rendered":"<p><p>Biscuitii Poieni au doua mari calitati: ingredientele lor sunt specific romanesti, iar gustul bogat dovedeste ca si produsele facute la noi in tara pot fi de cea mai buna calitate.<br \/>\nSunt potriviti pentru intreaga familie, de la copii (pachetel de scoala), pana la parinti si bunici (in parc, la plimbare, ori acasa, alaturi de o cana de ceai sau lapte cald).<\/p>\n<p>Poieni digestivi cu catina si seminte de in surprind prin gustul original si delicios. Contin tarate de grau, ingredient care ajuta la o mai buna digestie, facandu-i astfel si sanatosi, nu doar gustosi.<\/p>\n<br \/>\n<\/p>\n<h4 class=\"block-head style7 margin-top-10\">INGREDIENTE<\/h4><div><p><strong>F\u0103in\u0103 alb\u0103 de gr\u00e2u 650<\/strong>, ulei vegetal nehidrogenat de palmier, zah\u0103r, ap\u0103, <strong>t\u0103r\u00e2te din gr\u00e2u<\/strong> 4.8%, seminte de in (4.8%), past\u0103 de c\u0103tin\u0103 1.2% [(sirop de glucoz\u0103, zah\u0103r, pulp\u0103 de c\u0103tin\u0103 10%, suc concentrat de portocale, ap\u0103, acidifiant (acid citic), alcool etilic, agent de ingrosare (amidon modificat), arome, extract de r\u0103d\u0103cin\u0103 de curcum\u0103, extract de paprika, antioxidant (acid ascorbic)], agen\u021bi de af\u00e2nare (bicarbonat de amoniu, bicarbonat de sodiu), sirop de glucoz\u0103, arom\u0103, sare iodat\u0103, emulsifiant(<strong>lecitin\u0103 din soia<\/strong>), acidifiant (acid citric).<\/p>\n<\/div>\n<h4 class=\"block-head style7 margin-top-10\">VALORI NUTRI\u0162IONALE (100G)<\/h4><table class=\"\" border=\"0\"><thead><tr><th>Valori nutritionale medii<\/th><th>per 100 g<\/th><th>% CR* per 100g<\/th><\/tr><\/thead><tbody><tr><td>Valoare energetica<\/td><td>1962 KJ \/ 468 kcal<\/td><td>23 %<\/td><\/tr><tr><td>Grasimi,<\/td><td>18.7 g<\/td><td>27 %<\/td><\/tr><tr><td>&nbsp;&nbsp;&nbsp;&nbsp;din care acizi grasi saturati<\/td><td>12.3 g<\/td><td>62 %<\/td><\/tr><tr><td>Glucide,<\/td><td>62.9 g<\/td><td>24 %<\/td><\/tr><tr><td>&nbsp;&nbsp;&nbsp;&nbsp;din care zaharuri<\/td><td>10.5 g<\/td><td>12 %<\/td><\/tr><tr><td>Fibre<\/td><td>4.5 g<\/td><td>-<\/td><\/tr><tr><td>Proteine<\/td><td>9.7 g<\/td><td>19 %<\/td><\/tr><tr><td>Sare<\/td><td>0.5 g<\/td><td>8 %<\/td><\/tr><\/tbody><\/table>% CR * = Consumul de referin\u021b\u0103 al unui adult obi\u0219nuit (8400 kJ \/ 2000 kcal)\n<h4 class=\"block-head style7 margin-top-10\">CONDI\u0162II DE P\u0102STRARE<\/h4><div><p>A se pastra la loc uscat, aerisit si racoros. A se feri de soare. Se recomanda temp. max. de 25\u00b0C si umiditate relativa maxima de 75%.<\/p>\n<\/div>\n<h4 class=\"block-head style7 margin-top-10\">INFORMA\u0162II SUPLIMENTARE<\/h4><table class=\"\" border=\"0\"><tbody><tr><td>Brand<\/td><td>Poieni<\/td><\/tr><tr><td>Greutate\/buc (g)<\/td><td>132<\/td><\/tr><tr><td>Termen valabilitate (zile)<\/td><td>365<\/td><\/tr><tr><td>Cod de bare produs (EAN)<\/td><td>5941143024346<\/td><\/tr><tr><td>Cod de bare bax (EAN)<\/td><td><\/td><\/tr><tr><td>Nr. Buc \/ Bax<\/td><td>16<\/td><\/tr><tr><td>Nr. Bax\/ Palet<\/td><td>126<\/td><\/tr><tr><td>Dimensiuni palet \u00een cm<\/td><td>120 x 80 x 158.5<\/td><\/tr><tr><td>Greutate net\u0103 bax (kg)<\/td><td>2.112<\/td><\/tr><tr><td>Greutate brut\u0103 bax (kg)<\/td><td>2.423<\/td><\/tr><tr><td>Greutate net\u0103 palet (kg)<\/td><td>266.112<\/td><\/tr><tr><td>Greutate brut\u0103 palet (kg)<\/td><td>330.30<\/td><\/tr><\/tbody><\/table>\n","protected":false},"excerpt":{"rendered":"<p>Poieni digestivi cu catina si seminte de in surprind prin gustul original si delicios. <a class=\"more-link\" href=\"https:\/\/www.treibrutari.ro\/ro\/produs\/biscuiti\/dulci\/poieni\/poieni-catina-si-seminte-de-in-132g\">Cite\u0219te mai mult<\/a><\/p>\n","protected":false},"featured_media":1704,"template":"","meta":[],"product_cat":[20,229,34],"product_tag":[40],"acf":[],"_links":{"self":[{"href":"https:\/\/www.treibrutari.ro\/ro\/wp-json\/wp\/v2\/product\/1702"}],"collection":[{"href":"https:\/\/www.treibrutari.ro\/ro\/wp-json\/wp\/v2\/product"}],"about":[{"href":"https:\/\/www.treibrutari.ro\/ro\/wp-json\/wp\/v2\/types\/product"}],"wp:featuredmedia":[{"embeddable":true,"href":"https:\/\/www.treibrutari.ro\/ro\/wp-json\/wp\/v2\/media\/1704"}],"wp:attachment":[{"href":"https:\/\/www.treibrutari.ro\/ro\/wp-json\/wp\/v2\/media?parent=1702"}],"wp:term":[{"taxonomy":"product_cat","embeddable":true,"href":"https:\/\/www.treibrutari.ro\/ro\/wp-json\/wp\/v2\/product_cat?post=1702"},{"taxonomy":"product_tag","embeddable":true,"href":"https:\/\/www.treibrutari.ro\/ro\/wp-json\/wp\/v2\/product_tag?post=1702"}],"curies":[{"name":"wp","href":"https:\/\/api.w.org\/{rel}","templated":true}]}}