{"id":1680,"date":"2019-12-08T17:45:07","date_gmt":"2019-12-08T17:45:07","guid":{"rendered":"https:\/\/www.treibrutari.ro\/?post_type=product&#038;p=1680"},"modified":"2020-05-12T12:08:25","modified_gmt":"2020-05-12T12:08:25","slug":"velpitar-petit-beurre-80g","status":"publish","type":"product","link":"https:\/\/www.treibrutari.ro\/ro\/produs\/biscuiti\/dulci\/vel-pitar-biscuiti-dulci\/velpitar-petit-beurre-80g","title":{"rendered":"VelPitar Petit Beurre 80g"},"content":{"rendered":"<p><br \/>\n<\/p>\n<h4 class=\"block-head style7 margin-top-10\">INGREDIENTE<\/h4><div><p><strong>F\u0103in\u0103 alb\u0103 de gr\u00e2u 650<\/strong>, zah\u0103r, ap\u0103, ulei vegetal rafinat si nehidrogenat de palmier, amidon din porumb, agen\u021bi de af\u00e2nare (bicarbonat de amoniu, bicarbonat de sodiu), sare iodat\u0103, aroma, emulsifiant (<strong>lecitina din soia<\/strong>), acidifiant (acid citric), conservant (<strong>metabisulfit de sodiu<\/strong>), enzime.<\/p>\n<\/div>\n<h4 class=\"block-head style7 margin-top-10\">VALORI NUTRI\u0162IONALE (100G)<\/h4><table class=\"\" border=\"0\"><thead><tr><th>Valori nutritionale medii<\/th><th>per 100 g<\/th><th>% CR* per 100g<\/th><\/tr><\/thead><tbody><tr><td>Valoare energetica<\/td><td>1779 kJ \/ 427 kcal<\/td><td>21 %<\/td><\/tr><tr><td>Grasimi,<\/td><td>11.06 g<\/td><td>16 %<\/td><\/tr><tr><td>&nbsp;&nbsp;&nbsp;&nbsp;din care acizi grasi saturati<\/td><td>5.2 g<\/td><td>26 %<\/td><\/tr><tr><td>Glucide,<\/td><td>71.71 g<\/td><td>28 %<\/td><\/tr><tr><td>&nbsp;&nbsp;&nbsp;&nbsp;din care zaharuri<\/td><td>18.95 g<\/td><td>21 %<\/td><\/tr><tr><td>Fibre<\/td><td>3.18 g<\/td><td>-<\/td><\/tr><tr><td>Proteine<\/td><td>8.54 g<\/td><td>17 %<\/td><\/tr><tr><td>Sare<\/td><td>1 g<\/td><td>17 %<\/td><\/tr><\/tbody><\/table>% CR * = Consumul de referin\u021b\u0103 al unui adult obi\u0219nuit (8400 kJ \/ 2000 kcal)\n<h4 class=\"block-head style7 margin-top-10\">CONDI\u0162II DE P\u0102STRARE<\/h4><div><p>A se p\u0103stra la loc uscat, aerisit \u015fi r\u0103coros. A se feri de soare. Se recomand\u0103 temperatur\u0103 maxim\u0103 de 25\u00b0C \u015fi umiditate relativ\u0103 maxim de 75%.<\/p>\n<\/div>\n<h4 class=\"block-head style7 margin-top-10\">INFORMA\u0162II SUPLIMENTARE<\/h4><table class=\"\" border=\"0\"><tbody><tr><td>Brand<\/td><td>VelpItar<\/td><\/tr><tr><td>Greutate\/buc (g)<\/td><td>80<\/td><\/tr><tr><td>Termen valabilitate (zile)<\/td><td>365<\/td><\/tr><tr><td>Cod de bare produs (EAN)<\/td><td>5941143022854<\/td><\/tr><tr><td>Cod de bare bax (EAN)<\/td><td>35941143022855<\/td><\/tr><tr><td>Nr. Buc \/ Bax<\/td><td>27<\/td><\/tr><tr><td>Nr. Bax\/ Palet<\/td><td>128<\/td><\/tr><tr><td>Dimensiuni palet \u00een cm<\/td><td>120 x 80 x 167<\/td><\/tr><tr><td>Greutate net\u0103 bax (kg)<\/td><td>2.16<\/td><\/tr><tr><td>Greutate brut\u0103 bax (kg)<\/td><td>2.352<\/td><\/tr><tr><td>Greutate net\u0103 palet (kg)<\/td><td>276.48<\/td><\/tr><tr><td>Greutate brut\u0103 palet (kg)<\/td><td>326.06<\/td><\/tr><\/tbody><\/table>\n","protected":false},"excerpt":{"rendered":"<p>Petite Beurre <a class=\"more-link\" href=\"https:\/\/www.treibrutari.ro\/ro\/produs\/biscuiti\/dulci\/vel-pitar-biscuiti-dulci\/velpitar-petit-beurre-80g\">Cite\u0219te mai mult<\/a><\/p>\n","protected":false},"featured_media":1684,"template":"","meta":[],"product_cat":[20,229,36],"product_tag":[41],"acf":[],"_links":{"self":[{"href":"https:\/\/www.treibrutari.ro\/ro\/wp-json\/wp\/v2\/product\/1680"}],"collection":[{"href":"https:\/\/www.treibrutari.ro\/ro\/wp-json\/wp\/v2\/product"}],"about":[{"href":"https:\/\/www.treibrutari.ro\/ro\/wp-json\/wp\/v2\/types\/product"}],"wp:featuredmedia":[{"embeddable":true,"href":"https:\/\/www.treibrutari.ro\/ro\/wp-json\/wp\/v2\/media\/1684"}],"wp:attachment":[{"href":"https:\/\/www.treibrutari.ro\/ro\/wp-json\/wp\/v2\/media?parent=1680"}],"wp:term":[{"taxonomy":"product_cat","embeddable":true,"href":"https:\/\/www.treibrutari.ro\/ro\/wp-json\/wp\/v2\/product_cat?post=1680"},{"taxonomy":"product_tag","embeddable":true,"href":"https:\/\/www.treibrutari.ro\/ro\/wp-json\/wp\/v2\/product_tag?post=1680"}],"curies":[{"name":"wp","href":"https:\/\/api.w.org\/{rel}","templated":true}]}}