{"id":1672,"date":"2019-12-08T17:08:58","date_gmt":"2019-12-08T17:08:58","guid":{"rendered":"https:\/\/www.treibrutari.ro\/?post_type=product&#038;p=1672"},"modified":"2021-04-08T11:09:30","modified_gmt":"2021-04-08T11:09:30","slug":"velpitar-mix-pretzel-crackers-400g","status":"publish","type":"product","link":"https:\/\/www.treibrutari.ro\/ro\/produs\/biscuiti\/sarati\/vel-pitar-biscuiti-sarati\/velpitar-mix-pretzel-crackers-400g","title":{"rendered":"VelPitar Mix Pretzel-Crackers 400g"},"content":{"rendered":"<p><p>Mix Pretzel Crackers<\/p>\n<br \/>\n<\/p>\n<h4 class=\"block-head style7 margin-top-10\">INGREDIENTE<\/h4><div><p><strong>F\u0103in\u0103 alb\u0103 de gr\u00e2u 650<\/strong>, ap\u0103, uleiuri vegetale nehidrogenate de palmier \u0219i cocos \u00een propor\u021bii variate, sare iodat\u0103 (3.3 %), zah\u0103r, amidon din porumb, agen\u021bi de af\u00e2nare (bicarbonat de amoniu, bicarbonat de sodiu), sirop de glucoz\u0103, <strong>zer pudr\u0103<\/strong> (con\u021bine <strong>lapte, lactoz\u0103<\/strong>), drojdie, corector de aciditate (hidroxid de sodiu), conservant (<strong>metabisulfit de sodiu<\/strong>), acidifiant (acid citric), enzime.<\/p>\n<\/div>\n<h4 class=\"block-head style7 margin-top-10\">VALORI NUTRI\u0162IONALE (100G)<\/h4><table class=\"\" border=\"0\"><thead><tr><th>Valori nutritionale medii<\/th><th>per 100 g<\/th><th>% CR* per 100g<\/th><\/tr><\/thead><tbody><tr><td>Valoare energetica<\/td><td>1991 kJ \/ 475 kcal<\/td><td>24 %<\/td><\/tr><tr><td>Grasimi,<\/td><td>20.23 g<\/td><td>29 %<\/td><\/tr><tr><td>&nbsp;&nbsp;&nbsp;&nbsp;din care acizi grasi saturati<\/td><td>12.03 g<\/td><td>60 %<\/td><\/tr><tr><td>Glucide,<\/td><td>61.59 g<\/td><td>24 %<\/td><\/tr><tr><td>&nbsp;&nbsp;&nbsp;&nbsp;din care zaharuri<\/td><td>4.69 g<\/td><td>5 %<\/td><\/tr><tr><td>Fibre<\/td><td>3.66 g<\/td><td>-<\/td><\/tr><tr><td>Proteine<\/td><td>9.8 g<\/td><td>20 %<\/td><\/tr><tr><td>Sare<\/td><td>3.06 g<\/td><td>51 %<\/td><\/tr><\/tbody><\/table>% CR * = Consumul de referin\u021b\u0103 al unui adult obi\u0219nuit (8400 kJ \/ 2000 kcal)\n<h4 class=\"block-head style7 margin-top-10\">CONDI\u0162II DE P\u0102STRARE<\/h4><div><p>A se p\u0103stra la loc uscat, aerisit \u015fi r\u0103coros. A se feri de soare. Se recomand\u0103 temperatur\u0103 maxim\u0103 de 25\u00b0C \u015fi umiditate relativ\u0103 maxim de 75%.<\/p>\n<\/div>\n<h4 class=\"block-head style7 margin-top-10\">INFORMA\u0162II SUPLIMENTARE<\/h4><table class=\"\" border=\"0\"><tbody><tr><td>Brand<\/td><td>VelPitar<\/td><\/tr><tr><td>Greutate\/buc (g)<\/td><td>400<\/td><\/tr><tr><td>Termen valabilitate (zile)<\/td><td>300<\/td><\/tr><tr><td>Cod de bare produs (EAN)<\/td><td>5941143025060<\/td><\/tr><tr><td>Cod de bare bax (EAN)<\/td><td>25941143025064<\/td><\/tr><tr><td>Nr. Buc \/ Bax<\/td><td>18<\/td><\/tr><tr><td>Nr. Bax\/ Palet<\/td><td>28<\/td><\/tr><tr><td>Dimensiuni palet \u00een cm<\/td><td>120 x 80 x 165.5<\/td><\/tr><tr><td>Greutate net\u0103 bax (kg)<\/td><td>7.2<\/td><\/tr><tr><td>Greutate brut\u0103 bax (kg)<\/td><td>7.761<\/td><\/tr><tr><td>Greutate net\u0103 palet (kg)<\/td><td>201.6<\/td><\/tr><tr><td>Greutate brut\u0103 palet (kg)<\/td><td>242.31<\/td><\/tr><\/tbody><\/table>\n","protected":false},"excerpt":{"rendered":"<p>Mix Pretzel Crackers <a class=\"more-link\" href=\"https:\/\/www.treibrutari.ro\/ro\/produs\/biscuiti\/sarati\/vel-pitar-biscuiti-sarati\/velpitar-mix-pretzel-crackers-400g\">Cite\u0219te mai mult<\/a><\/p>\n","protected":false},"featured_media":1674,"template":"","meta":[],"product_cat":[20,230,233],"product_tag":[45],"acf":[],"_links":{"self":[{"href":"https:\/\/www.treibrutari.ro\/ro\/wp-json\/wp\/v2\/product\/1672"}],"collection":[{"href":"https:\/\/www.treibrutari.ro\/ro\/wp-json\/wp\/v2\/product"}],"about":[{"href":"https:\/\/www.treibrutari.ro\/ro\/wp-json\/wp\/v2\/types\/product"}],"wp:featuredmedia":[{"embeddable":true,"href":"https:\/\/www.treibrutari.ro\/ro\/wp-json\/wp\/v2\/media\/1674"}],"wp:attachment":[{"href":"https:\/\/www.treibrutari.ro\/ro\/wp-json\/wp\/v2\/media?parent=1672"}],"wp:term":[{"taxonomy":"product_cat","embeddable":true,"href":"https:\/\/www.treibrutari.ro\/ro\/wp-json\/wp\/v2\/product_cat?post=1672"},{"taxonomy":"product_tag","embeddable":true,"href":"https:\/\/www.treibrutari.ro\/ro\/wp-json\/wp\/v2\/product_tag?post=1672"}],"curies":[{"name":"wp","href":"https:\/\/api.w.org\/{rel}","templated":true}]}}