{"id":1601,"date":"2019-12-07T18:08:53","date_gmt":"2019-12-07T18:08:53","guid":{"rendered":"https:\/\/www.treibrutari.ro\/?post_type=product&#038;p=1601"},"modified":"2020-01-28T11:25:54","modified_gmt":"2020-01-28T11:25:54","slug":"grand-papa-fine-crackers-spices-100g","status":"publish","type":"product","link":"https:\/\/www.treibrutari.ro\/ro\/produs\/biscuiti\/sarati\/grand-papa\/grand-papa-fine-crackers-spices-100g","title":{"rendered":"Grand Papa Fine Crackers Spices 100g"},"content":{"rendered":"<p><p>Aurii, condimenta\u0163i, crocan\u0163i \u015fi oric\u00e2nd o alegere potrivit\u0103 pentru a satisface pofta de o ron\u0163\u0103ial\u0103 s\u0103rat\u0103, mai ales datorit\u0103 unui mix captivant de ingrediente spicy precum piperul cu l\u0103m\u00e2ie \u015fi boiaua dulce.<\/p>\n<p>*Produsul nu con\u0163ine alcool.<\/p>\n<br \/>\n<h4 class=\"block-head style7 margin-top-10\">Urm\u0103re\u0219te-ne \u0219i pe<\/h4><div><a class=\"btn fx\" href=\"https:\/\/www.facebook.com\/GrandPapaRomania\/\" target=\"_blank\" rel=\"noopener noreferrer\" data-animate=\"FadeIn\"><i class=\"fa fa-facebook fa-3x\"> <\/i><\/a><a class=\"btn fx\" href=\"https:\/\/www.youtube.com\/channel\/UCk0nJFKCmnp0IOTKyoGsavQ\" target=\"_blank\" rel=\"noopener noreferrer\" data-animate=\"FadeIn\"><i class=\"fa fa-youtube fa-3x\"> <\/i><\/a><\/div>\n<h4 class=\"block-head style7 margin-top-10\">INGREDIENTE<\/h4><div><p><strong>F\u0103in\u0103 alb\u0103 de gr\u00e2u 650<\/strong>, uleiuri vegetale rafinate \u0219i nehidrogenate de palmier \u0219i cocos \u00een propor\u021bii variate, ap\u0103, vin ro\u0219u (8.1 %), zah\u0103r, agen\u021bi de af\u00e2nare (bicarbonat de amoniu, bicarbonat de sodiu), sare iodat\u0103 (2 %), <strong>zer pudr\u0103<\/strong> (con\u021bine <strong>lapte, lactoz\u0103<\/strong>), amidon din porumb, mix piper cu l\u0103m\u00e2ie [condimente: piper, usturoi, curcum\u0103, acidifiant (acid citric), zah\u0103r, coaj\u0103 de l\u0103m\u00e2ie], boia de ardei dulce, conservant (<strong>metabisulfit de sodiu<\/strong>), enzime.<\/p>\n<\/div>\n<h4 class=\"block-head style7 margin-top-10\">VALORI NUTRI\u0162IONALE (100G)<\/h4><table class=\"\" border=\"0\"><thead><tr><th>Valori nutritionale medii<\/th><th>per 100 g<\/th><th>% CR* per 100g<\/th><\/tr><\/thead><tbody><tr><td>Valoare energetica<\/td><td>2012 kJ \/ 480 kcal<\/td><td>24 %<\/td><\/tr><tr><td>Grasimi,<\/td><td>21.53 g<\/td><td>31 %<\/td><\/tr><tr><td>&nbsp;&nbsp;&nbsp;&nbsp;din care acizi grasi saturati<\/td><td>15.19 g<\/td><td>76 %<\/td><\/tr><tr><td>Glucide,<\/td><td>65.18 g<\/td><td>25 %<\/td><\/tr><tr><td>&nbsp;&nbsp;&nbsp;&nbsp;din care zaharuri<\/td><td>8.64 g<\/td><td>10 %<\/td><\/tr><tr><td>Fibre<\/td><td>5.16 g<\/td><td>-<\/td><\/tr><tr><td>Proteine<\/td><td>9.04 g<\/td><td>18 %<\/td><\/tr><tr><td>Sare<\/td><td>2.64 g<\/td><td>44 %<\/td><\/tr><\/tbody><\/table>% CR * = Consumul de referin\u021b\u0103 al unui adult obi\u0219nuit (8400 kJ \/ 2000 kcal)\n<h4 class=\"block-head style7 margin-top-10\">CONDI\u0162II DE P\u0102STRARE<\/h4><div><p>A se p\u0103stra la loc uscat, aerisit \u015fi r\u0103coros. A se feri de soare. Se recomand\u0103 temperatur\u0103 maxim\u0103 de 25\u00b0C \u015fi umiditate relativ\u0103 maxim de 75%.<\/p>\n<\/div>\n<h4 class=\"block-head style7 margin-top-10\">INFORMA\u0162II SUPLIMENTARE<\/h4><table class=\"\" border=\"0\"><tbody><tr><td>Brand<\/td><td>Grand Papa<\/td><\/tr><tr><td>Greutate\/buc (g)<\/td><td>100<\/td><\/tr><tr><td>Termen valabilitate (zile)<\/td><td>300<\/td><\/tr><tr><td>Cod de bare produs (EAN)<\/td><td>5941143021369<\/td><\/tr><tr><td>Cod de bare bax (EAN)<\/td><td>15941143021366<\/td><\/tr><tr><td>Nr. Buc \/ Bax<\/td><td>24<\/td><\/tr><tr><td>Nr. Bax\/ Palet<\/td><td>98<\/td><\/tr><tr><td>Dimensiuni palet \u00een cm<\/td><td>120 x 80 x 151.5<\/td><\/tr><tr><td>Greutate net\u0103 bax (kg)<\/td><td>2.4<\/td><\/tr><tr><td>Greutate brut\u0103 bax (kg)<\/td><td>2.618<\/td><\/tr><tr><td>Greutate net\u0103 palet (kg)<\/td><td>235.2<\/td><\/tr><tr><td>Greutate brut\u0103 palet (kg)<\/td><td>281.56<\/td><\/tr><\/tbody><\/table>\n","protected":false},"excerpt":{"rendered":"<p>Aurii, s\u0103ra\u0163i, crocan\u0163i \u015fi alegere potrivit\u0103 pentru a satisface pofta de o ron\u0163\u0103ial\u0103. <a class=\"more-link\" href=\"https:\/\/www.treibrutari.ro\/ro\/produs\/biscuiti\/sarati\/grand-papa\/grand-papa-fine-crackers-spices-100g\">Cite\u0219te mai mult<\/a><\/p>\n","protected":false},"featured_media":3026,"template":"","meta":[],"product_cat":[20,230,37],"product_tag":[39],"acf":[],"_links":{"self":[{"href":"https:\/\/www.treibrutari.ro\/ro\/wp-json\/wp\/v2\/product\/1601"}],"collection":[{"href":"https:\/\/www.treibrutari.ro\/ro\/wp-json\/wp\/v2\/product"}],"about":[{"href":"https:\/\/www.treibrutari.ro\/ro\/wp-json\/wp\/v2\/types\/product"}],"wp:featuredmedia":[{"embeddable":true,"href":"https:\/\/www.treibrutari.ro\/ro\/wp-json\/wp\/v2\/media\/3026"}],"wp:attachment":[{"href":"https:\/\/www.treibrutari.ro\/ro\/wp-json\/wp\/v2\/media?parent=1601"}],"wp:term":[{"taxonomy":"product_cat","embeddable":true,"href":"https:\/\/www.treibrutari.ro\/ro\/wp-json\/wp\/v2\/product_cat?post=1601"},{"taxonomy":"product_tag","embeddable":true,"href":"https:\/\/www.treibrutari.ro\/ro\/wp-json\/wp\/v2\/product_tag?post=1601"}],"curies":[{"name":"wp","href":"https:\/\/api.w.org\/{rel}","templated":true}]}}