{"id":1540,"date":"2019-12-06T21:43:56","date_gmt":"2019-12-06T21:43:56","guid":{"rendered":"https:\/\/www.treibrutari.ro\/?post_type=product&#038;p=1540"},"modified":"2020-01-22T12:10:16","modified_gmt":"2020-01-22T12:10:16","slug":"bobs-biscuiti-fara-gluten-cu-crema-de-cocos-64g","status":"publish","type":"product","link":"https:\/\/www.treibrutari.ro\/ro\/produs\/private-label\/bobs\/bobs-biscuiti-fara-gluten-cu-crema-de-cocos-64g","title":{"rendered":"Bob&#8217;s Biscui\u021bi f\u0103r\u0103 gluten cu crem\u0103 de cocos 64g"},"content":{"rendered":"<p><p>Destinati persoanelor care au intoleranta la gluten, acesti biscuiti sandwich Bob\u2019s Cookies sunt umpluti cu o delicata crema de lapte si cocos. Folosind o reteta bazata pe ingrediente naturale, biscutii fara gluten contin lapte praf, cacao pudra si arome naturale, iar crema contine lactate, grasimi vegetale si aroma naturala de cocos. Deliciosi si crocanti, biscuitii sandwich Bob\u2019s Cookies (crema de lapte &amp; aroma naturala de cocos) iti ofera \u2013 intr-un pachet mic si prietenos \u2013 o gustare dulce sau un desert sanatos, atunci cand ti-a pofta de ceva bun.<\/p>\n<p>Produsul nu contine<strong>\u00a0<\/strong>grau,<strong>\u00a0<\/strong>gluten, oua si nici arome, coloranti sau aditivi artificiali (ca dextroza, guma xanthan sau guar). In plus, biscuitii sandwich Bob\u2019s Cookies (crema de lapte &amp; aroma naturala de cocos) au un continut redus de zahar (cu 20% mai putin decat produsele similare).<\/p>\n<br \/>\n<\/p>\n<h4 class=\"block-head style7 margin-top-10\">INGREDIENTE<\/h4><div><p>Crem\u0103 de <strong>lapte<\/strong> 28 % [zah\u0103r, gr\u0103simi vegetale (palmier, floarea soarelui, rapi\u021b\u0103), <strong>zer<\/strong> praf, <strong>lapte<\/strong> praf integral (4.5 %), amidon din porumb, emulsifiant (lecitin\u0103 din <strong>soia<\/strong>), arom\u0103 natural\u0103, sare], f\u0103in\u0103 de orez, amidon din porumb, ulei vegetal nehidrogenat de palmier, zah\u0103r, sirop de glucoz\u0103, cacao pudr\u0103 (6 %), f\u0103in\u0103 de porumb, protein\u0103 vegetal\u0103, fibr\u0103 vegetal\u0103, amidon de cartof, <strong>lapte<\/strong> praf degresat (1.5 %), agent de af\u00e2nare (bicarbonat de sodiu), arome naturale, emulsifiant (lecitin\u0103 din <strong>soia<\/strong>), sare.<\/p>\n<\/div>\n<h4 class=\"block-head style7 margin-top-10\">VALORI NUTRI\u0162IONALE (100G)<\/h4><table class=\"\" border=\"0\"><thead><tr><th>Valori nutritionale medii<\/th><th>per 100 g<\/th><th>per 16 g<\/th><th>% CR* per 16g<\/th><\/tr><\/thead><tbody><tr><td>Valoare energetica<\/td><td>1943 kJ \/ 464 kcal<\/td><td>311 kJ \/ \n74 kcal<\/td><td>4 %<\/td><\/tr><tr><td>Grasimi,<\/td><td>23.1 g<\/td><td>3.7 g<\/td><td>5 %<\/td><\/tr><tr><td>&nbsp;&nbsp;&nbsp;&nbsp;din care acizi grasi saturati<\/td><td>10.7 g<\/td><td>1.7 g<\/td><td>9 %<\/td><\/tr><tr><td>Glucide,<\/td><td>56.6 g<\/td><td>9 g<\/td><td>3 %<\/td><\/tr><tr><td>&nbsp;&nbsp;&nbsp;&nbsp;din care zaharuri<\/td><td>24.1 g<\/td><td>3.8 g<\/td><td>4 %<\/td><\/tr><tr><td>Fibre<\/td><td>2.5 g<\/td><td>0.4 g<\/td><td>-<\/td><\/tr><tr><td>Proteine<\/td><td>6.3 g<\/td><td>1 g<\/td><td>2 %<\/td><\/tr><tr><td>Sare<\/td><td>0.5 g<\/td><td>0.08 g<\/td><td>1 %<\/td><\/tr><\/tbody><\/table>% CR * = Consumul de referin\u021b\u0103 al unui adult obi\u0219nuit (8400 kJ \/ 2000 kcal)\n<h4 class=\"block-head style7 margin-top-10\">CONDI\u0162II DE P\u0102STRARE<\/h4><div><p>A se p\u0103stra la loc uscat, aerisit \u015fi r\u0103coros. A se feri de soare. Se recomand\u0103 temperatur\u0103 maxim\u0103 de 25\u00b0C \u015fi umiditate relativ\u0103 maxim de 75%.<\/p>\n<\/div>\n<h4 class=\"block-head style7 margin-top-10\">INFORMA\u0162II SUPLIMENTARE<\/h4><table class=\"\" border=\"0\"><tbody><tr><td>Brand<\/td><td>Bob's<\/td><\/tr><tr><td>Greutate\/buc (g)<\/td><td>64<\/td><\/tr><tr><td>Termen valabilitate (zile)<\/td><td>365<\/td><\/tr><tr><td>Cod de bare produs (EAN)<\/td><td>646809523298<\/td><\/tr><tr><td>Cod de bare bax (EAN)<\/td><td>646809523328<\/td><\/tr><tr><td>Nr. Buc \/ Bax<\/td><td>20<\/td><\/tr><tr><td>Nr. Bax\/ Palet<\/td><td>351<\/td><\/tr><tr><td>Dimensiuni palet \u00een cm<\/td><td>120 x 80 x 190.5<\/td><\/tr><tr><td>Greutate net\u0103 bax (kg)<\/td><td>1.28<\/td><\/tr><tr><td>Greutate brut\u0103 bax (kg)<\/td><td>1.387<\/td><\/tr><tr><td>Greutate net\u0103 palet (kg)<\/td><td>449.28<\/td><\/tr><tr><td>Greutate brut\u0103 palet (kg)<\/td><td>511.84<\/td><\/tr><\/tbody><\/table>\n","protected":false},"excerpt":{"rendered":"<p>Biscuiti Sandwich de cacao cu crema de lapte si aroma naturala de cocos <a class=\"more-link\" href=\"https:\/\/www.treibrutari.ro\/ro\/produs\/private-label\/bobs\/bobs-biscuiti-fara-gluten-cu-crema-de-cocos-64g\">Cite\u0219te mai mult<\/a><\/p>\n","protected":false},"featured_media":1542,"template":"","meta":[],"product_cat":[25,220],"product_tag":[66,42],"acf":[],"_links":{"self":[{"href":"https:\/\/www.treibrutari.ro\/ro\/wp-json\/wp\/v2\/product\/1540"}],"collection":[{"href":"https:\/\/www.treibrutari.ro\/ro\/wp-json\/wp\/v2\/product"}],"about":[{"href":"https:\/\/www.treibrutari.ro\/ro\/wp-json\/wp\/v2\/types\/product"}],"wp:featuredmedia":[{"embeddable":true,"href":"https:\/\/www.treibrutari.ro\/ro\/wp-json\/wp\/v2\/media\/1542"}],"wp:attachment":[{"href":"https:\/\/www.treibrutari.ro\/ro\/wp-json\/wp\/v2\/media?parent=1540"}],"wp:term":[{"taxonomy":"product_cat","embeddable":true,"href":"https:\/\/www.treibrutari.ro\/ro\/wp-json\/wp\/v2\/product_cat?post=1540"},{"taxonomy":"product_tag","embeddable":true,"href":"https:\/\/www.treibrutari.ro\/ro\/wp-json\/wp\/v2\/product_tag?post=1540"}],"curies":[{"name":"wp","href":"https:\/\/api.w.org\/{rel}","templated":true}]}}