{"id":574,"date":"2019-11-21T11:53:45","date_gmt":"2019-11-21T11:53:45","guid":{"rendered":"https:\/\/www.treibrutari.ro\/?page_id=574"},"modified":"2023-05-30T07:56:46","modified_gmt":"2023-05-30T07:56:46","slug":"istoric-prezent-perspective","status":"publish","type":"page","link":"https:\/\/www.treibrutari.ro\/ro\/istoric-prezent-perspective","title":{"rendered":"Istoric \u2013 Prezent \u2013 Perspective"},"content":{"rendered":"<p>[vc_row row_padd=&#8221;xs-padding&#8221;][vc_column][vc_column_text]Trei Brutari este unul dintre cei mai mari producatori de paine din Romania, cu peste 400 de angajati in cele trei fabrici din Targoviste, Iasi si Buzau.<\/p>\n<p>Printre brandurile cu notorietate din portofoliu se numara Boiereasca, cea mai vanduta paine la nivel national, Stela Franzela, Campeneasca, Semintele Pamantului, dar si Poieni, marca cu o istorie de peste 50 ani in industria biscuitilor din Romania.[\/vc_column_text][\/vc_column][\/vc_row][vc_row equal_height=&#8221;yes&#8221; content_placement=&#8221;middle&#8221; row_padd=&#8221;no-padding&#8221;][vc_column css_animation=&#8221;fadeInLeft&#8221; width=&#8221;7\/12&#8243; css=&#8221;.vc_custom_1681293450698{padding-bottom: 0px !important;}&#8221;]<h2 class=\"block-head center px-0 px-span-10 fx style6\"  data-animate=\"fadeInDown\"><span style=\"text-transform:uppercase;font-weight:800\">T\u00e2rgovi\u0219te<\/span><\/h2>[vc_column_text]In data de 15 martie 2010 s-a pus pe pia\u021b\u0103 prima p\u00e2ine produs\u0103 de fabrica de p\u00e2ine Trei Brutari din T\u00e2rgovi\u0219te.<\/p>\n<p>Inc\u0103 de la \u00eenceput s-a investit \u00een tehnologie modern\u0103, noua linie de produc\u021bie fiind automatizat\u0103 \u0219i capabil\u0103 s\u0103 produc\u0103 trei feluri de p\u00e2ine: franzel\u0103, rotund\u0103 \u0219i oval\u0103 utiliz\u00e2nd toate tipurile de f\u0103in\u0103: alb\u0103, neagr\u0103, graham, secar\u0103 \u0219i alte f\u0103inuri speciale.[\/vc_column_text][vc_column_text]<\/p>\n<div class=\"block vc_custom_1577994306495 fx animated fadeInLeft\" data-animate=\"fadeInLeft\">\n<div class=\"wpb_wrapper\">\n<p>P\u00e2inea oval\u0103 care de-a lungul anilor a devenit starul v\u00e2nz\u0103rilor sub brandul \u201cBoiereasc\u0103\u201d este o fuziune fericit\u0103 \u00eentre tradi\u021bie \u0219i tehnologie de ultim\u0103 or\u0103.<\/p>\n<p>Gustul inconfundabil provine at\u00e2t din re\u021beta unic\u0103 \u0219i dospitul \u00een co\u0219uri de lemn ca odinioar\u0103 c\u00e2t \u0219i din priceperea brutarilor no\u0219tri care strunesc cuptorul modern astfel \u00eenc\u00e2t pe masa consumatorului p\u00e2inea s\u0103 fie \u00een permanen\u021b\u0103 savuroas\u0103 \u0219i proasp\u0103t\u0103.<\/p>\n<p>Trei Brutari distribuie, direct sau prin parteneri, toate tipurile de p\u00e2ine acoperind acum jude\u021bele D\u00e2mbovi\u021ba, Prahova \u0219i zona Bucure\u0219ti. Produsele noastre sunt prezente at\u00e2t \u00een comer\u021bul tradi\u021bional c\u00e2t \u0219i \u00een re\u021beaua comer\u021bului modern (Mega Image, Auchan, Carrefour, Cora, Kaufland, Profi).<\/p>\n<p>Pe l\u00e2ng\u0103 \u00eembun\u0103t\u0103\u021birea permanent\u0103 a portofoliului actual departamentul R&amp;D lucreaz\u0103 la noua genera\u021bie de produse care vor oferi cosumatorilor p\u00e2ini ecologice f\u0103r\u0103 aditivi sau conservan\u021bi p\u0103str\u00e2nd gustul inconfundabil.<\/p>\n<\/div>\n<\/div>\n<p>[\/vc_column_text][\/vc_column][vc_column width=&#8221;5\/12&#8243; offset=&#8221;vc_hidden-xs&#8221;][vc_single_image image=&#8221;8827&#8243; img_size=&#8221;medium&#8221; alignment=&#8221;center&#8221;][vc_single_image image=&#8221;8829&#8243; img_size=&#8221;medium&#8221; alignment=&#8221;center&#8221;][\/vc_column][vc_column css=&#8221;.vc_custom_1681815941733{padding-top: 40px !important;padding-bottom: 40px !important;}&#8221;]<div class=\"divider divider-9 \" ><span><\/span><\/div>[\/vc_column][\/vc_row][vc_row equal_height=&#8221;yes&#8221; content_placement=&#8221;middle&#8221; row_padd=&#8221;no-padding&#8221;][vc_column css_animation=&#8221;fadeInLeft&#8221; width=&#8221;7\/12&#8243; css=&#8221;.vc_custom_1681293450698{padding-bottom: 0px !important;}&#8221;]<h2 class=\"block-head center px-0 px-span-10 fx style6\"  data-animate=\"fadeInDown\"><span style=\"text-transform:uppercase;font-weight:800\">Buz\u0103u<\/span><\/h2>[vc_column_text]De peste 10 ani de ani, in Trei Brutari se scriu povesti de succes. Am continuat sa ne extindem si sa devenim cel mai bun producator de paine in zonele de acoperire, iar in 2021 s-a infiinat fabrica de la Buzau. Povestile noastre continua si sunt scrise de oameni care se sprijina reciproc, in momentele grele si stiu sa se si bucure impreuna, de succesele obtinute.[\/vc_column_text][vc_column_text]Fabrica de la Buzau beneficiaza de o tehnologie moderna, linia de productie fiind automatizata si capabila sa produca urmatoarele tipuri de paine: franzela, rotunda, ovala si, de asemenea, beneficiind de o tehnologie de decorare prin crestarea painilor de tip spic in diferite forme. De asemenea, exista si posibilitatea de a decora produsele cu mixuri de seminte, cereale, fulgi si diferite fainuri. Fabrica de la Buzau utilizeaza tipurile de faina: alba, secara, faina dietetica.<\/p>\n<p>Noutatea fabricii de la Buzau consta in fabricarea maielelor si brustuck.<\/p>\n<p>Trei Brutari distribuie, direct sau prin parteneri, toate tipurile de paine acoperind acum judetele Buzau, Prahova, Ialomita, Ramnicu Sarat.[\/vc_column_text][\/vc_column][vc_column width=&#8221;5\/12&#8243; offset=&#8221;vc_hidden-xs&#8221;][vc_single_image image=&#8221;8835&#8243; img_size=&#8221;medium&#8221; alignment=&#8221;center&#8221;][vc_single_image image=&#8221;8837&#8243; img_size=&#8221;medium&#8221; alignment=&#8221;center&#8221;][\/vc_column][vc_column css=&#8221;.vc_custom_1681987955677{padding-top: 40px !important;padding-bottom: 40px !important;}&#8221;]<div class=\"divider divider-9 \" ><span><\/span><\/div>[\/vc_column][\/vc_row][vc_row equal_height=&#8221;yes&#8221; content_placement=&#8221;middle&#8221; row_padd=&#8221;no-padding&#8221;][vc_column css_animation=&#8221;fadeInLeft&#8221; width=&#8221;7\/12&#8243; css=&#8221;.vc_custom_1681293450698{padding-bottom: 0px !important;}&#8221;]<h2 class=\"block-head center px-0 px-span-10 fx style6\"  data-animate=\"fadeInDown\"><span style=\"text-transform:uppercase;font-weight:800\">Ia\u0219i<\/span><\/h2>[vc_column_text]Trei Brutari este unul dintre cei mai mari produc\u0103tori de biscui\u021bi din Rom\u00e2nia \u0219i \u00een acest moment produce at\u00e2t pentru pia\u021ba local\u0103 c\u00e2t \u0219i pentru pia\u021ba european\u0103.<\/p>\n<p>In anul 2013 fabrica din Ia\u0219i a fost dotat\u0103 cu dou\u0103 linii de fabrica\u021bie noi \u0219i moderne cu tehnologie elve\u021bian\u0103 \u0219i danez\u0103. Aceste dou\u0103 linii au \u00een componen\u021b\u0103 sisteme de dozare automat\u0103 a ingredientelor, fr\u0103m\u00e2ntare, glazurare \u0219i ma\u0219ini automate de ambalare individual\u0103.[\/vc_column_text][vc_column_text]Tipurile de biscui\u021bi produse la Ia\u0219i acoper\u0103 un spectru larg de la clasicii biscui\u021bi populari, biscui\u021bi digestivi, crackers, crackers fermentat, minicrackers, minipretzel, biscui\u021bi glazura\u021bi p\u00e2n\u0103 la produse care urmeaz\u0103 noile standarde de nutri\u021bie, un bun exemplu fiind biscui\u021bii de mic dejun cu multicereale, vitamine, minerale \u0219i fructe.<\/p>\n<p>Produsele noastre sunt distribuite la nivel na\u021bional \u0219i se reg\u0103sesc \u00een toate tipurile de comer\u021b modern \u0219i tradi\u021bional sub branduri proprii sau licen\u021be (Poieni, Tabiet, GrandPapa, 4\u00d74) datorit\u0103 pertenerilor no\u0219tri de distribu\u021bie[\/vc_column_text][\/vc_column][vc_column width=&#8221;5\/12&#8243; offset=&#8221;vc_hidden-xs&#8221;][vc_single_image image=&#8221;8949&#8243; img_size=&#8221;medium&#8221; alignment=&#8221;center&#8221;][vc_single_image image=&#8221;8951&#8243; img_size=&#8221;medium&#8221; alignment=&#8221;center&#8221;][\/vc_column][vc_column css=&#8221;.vc_custom_1681813877263{padding-top: 40px !important;padding-bottom: 40px !important;}&#8221;]<div class=\"divider divider-9 \" ><span><\/span><\/div>[\/vc_column][\/vc_row][vc_row row_padd=&#8221;xs-padding&#8221;][vc_column][vc_media_grid element_width=&#8221;3&#8243; grid_id=&#8221;vc_gid:1685433360887-fb3912ca-449b-6&#8243; include=&#8221;8492,8490,8488,8486&#8243;][\/vc_column][\/vc_row][vc_row fluid=&#8221;1&#8243; row_padd=&#8221;sm-padding&#8221;][vc_column]<div class=\"container  \"><div class=\"row\">[vc_column_inner]<div class=\"divider divider-8 \" ><span class=\"main-bg\"><\/span><\/div><h2 class=\"block-head center  style3\" ><span>Beneficiile de a lucra cu Trei Brutari<\/span><\/h2>[\/vc_column_inner]<\/div><\/div><div class=\"container  \"><div class=\"row\">[vc_column_inner width=&#8221;1\/3&#8243;]<div class=\"icon-box icon-box-7\" ><div class=\"box-7-cont\"><i class=\"icon fa fa-barcode\"><\/i><h4>Baz\u0103 mare de produse<\/h4><p class=\"mediumFont no-r-more\">Liniile noastre de produc\u021bie sunt versatile \u0219i pot produce biscui\u021bi dulci (zaharo\u0219i, gluteno\u0219i), snacksuri s\u0103rate (crackers classic, crackers fermentat, minicrackers, minipretzel), produse care pot fi glazurate par\u021bial sau total.<\/p><\/div><\/div>[\/vc_column_inner][vc_column_inner width=&#8221;1\/3&#8243;]<div class=\"icon-box icon-box-7\" ><div class=\"box-7-cont\"><i class=\"icon fa fa-briefcase\"><\/i><h4>Servicii complete de dezvoltare de produs<\/h4><p class=\"mediumFont no-r-more\">Putem pune la dispozi\u021bia clien\u021bilor no\u0219tri de Private Label un spectru complet de servicii de la dezvoltarea de re\u021bete p\u00e2n\u0103 la livrare. Tehnologii no\u0219tri inoveaz\u0103 permanent \u0219i pot crea re\u021bete adaptate nevoilor specifice fiec\u0103rui client.<\/p><\/div><\/div>[\/vc_column_inner][vc_column_inner width=&#8221;1\/3&#8243;]<div class=\"icon-box icon-box-7\" ><div class=\"box-7-cont\"><i class=\"icon fa fa-bookmark-o\"><\/i><h4>Serviciul clien\u021bi<\/h4><p class=\"mediumFont no-r-more\">Suntem m\u00e2ndri ca avem un serviciu special creat pentru a satisface cerin\u021bele clien\u021bilor \u00een condi\u021bii de excelen\u021b\u0103.<\/p><\/div><\/div>[\/vc_column_inner]<\/div><\/div>[\/vc_column][\/vc_row][vc_row][vc_column][vc_column_text]<\/p>\n<p>&nbsp;<\/p>\n<p>[\/vc_column_text][\/vc_column][\/vc_row][vc_row row_padd=&#8221;no-padding&#8221;][vc_column]<h2 class=\"block-head center  fx style3\"  data-animate=\"fadeInDown\"><span style=\"text-transform:uppercase;font-weight:bold\">T\u00e2rgovi\u0219te<\/span><\/h2>[\/vc_column][\/vc_row][vc_row row_padd=&#8221;xs-padding&#8221; el_class=&#8221;pyramid&#8221;][vc_column][vc_column_text it_animation=&#8221;fadeInRight&#8221; delay=&#8221;350&#8243; el_class=&#8221;layer&#8221;]<\/p>\n<div class=\"zone\">\n<div class=\"title\"><i class=\"fa fa-eye px-3\"><\/i><br \/>\nViziune<\/div>\n<\/div>\n<div class=\"text\">S\u0103 devin\u0103 cel mai mai mare produc\u0103tor de p\u00e2ine \u00een zonele de acoperire. S\u0103 devin\u0103 \u201cPAINEA BUNA A LOCULUI\u201d<\/div>\n<p>[\/vc_column_text][vc_column_text it_animation=&#8221;fadeInDown&#8221; delay=&#8221;300&#8243; el_class=&#8221;layer&#8221;]<\/p>\n<div class=\"zone\">\n<div class=\"title\"><i class=\"fa fa-flag px-3\"><\/i><br \/>\nMisiunea<\/div>\n<\/div>\n<div class=\"text\">S\u0103 pun\u0103 pe mesele oamenilor cea mai proasp\u0103t\u0103 p\u00e2ine<\/div>\n<p>[\/vc_column_text][vc_column_text it_animation=&#8221;fadeInLeft&#8221; delay=&#8221;400&#8243; el_class=&#8221;layer&#8221;]<\/p>\n<div class=\"zone\">\n<div class=\"title\"><i class=\"fa fa-heart px-3\"><\/i><br \/>\nValori<\/div>\n<\/div>\n<div class=\"text\">Continuitate \u0219i inova\u021bie \u00een spiritul tradi\u021biei<\/div>\n<p>[\/vc_column_text][vc_column_text it_animation=&#8221;fadeInUp&#8221; delay=&#8221;450&#8243; el_class=&#8221;layer&#8221;]<\/p>\n<div class=\"zone\">\n<div class=\"title\"><i class=\"fa fa-cogs px-3\"><\/i><br \/>\nStrategie<\/div>\n<\/div>\n<div class=\"text\">Extindere consolidat\u0103 \u0219i diversificare de portofoliu<\/div>\n<p>[\/vc_column_text][\/vc_column][\/vc_row][vc_row row_padd=&#8221;no-padding&#8221;][vc_column][vc_empty_space height=&#8221;45px&#8221;]<h2 class=\"block-head center  fx style3\"  data-animate=\"fadeInDown\"><span style=\"text-transform:uppercase;font-weight:bold\">Ia\u0219i<\/span><\/h2>[\/vc_column][\/vc_row][vc_row row_padd=&#8221;xs-padding&#8221; el_class=&#8221;pyramid&#8221;][vc_column][vc_column_text it_animation=&#8221;fadeInRight&#8221; delay=&#8221;350&#8243; el_class=&#8221;layer&#8221;]<\/p>\n<div class=\"zone\">\n<div class=\"title\"><i class=\"fa fa-eye px-3\"><\/i><br \/>\nViziune<\/div>\n<\/div>\n<div class=\"text\">S\u0103 devin\u0103 cel mai important produc\u0103tor de biscui\u021bi din Rom\u00e2n<\/div>\n<p>[\/vc_column_text][vc_column_text it_animation=&#8221;fadeInDown&#8221; delay=&#8221;300&#8243; el_class=&#8221;layer&#8221;]<\/p>\n<div class=\"zone\">\n<div class=\"title\"><i class=\"fa fa-flag px-3\"><\/i><br \/>\nMisiunea<\/div>\n<\/div>\n<div class=\"text\">S\u0103 ofere consumatorilor cea mai larg\u0103 gam\u0103 de biscui\u021bi la cele mai bune pre\u021buri<\/div>\n<p>[\/vc_column_text][vc_column_text it_animation=&#8221;fadeInLeft&#8221; delay=&#8221;400&#8243; el_class=&#8221;layer&#8221;]<\/p>\n<div class=\"zone\">\n<div class=\"title\"><i class=\"fa fa-heart px-3\"><\/i><br \/>\nValori<\/div>\n<\/div>\n<div class=\"text\">Inova\u021bie, flexibilitate, modernitate<\/div>\n<p>[\/vc_column_text][vc_column_text it_animation=&#8221;fadeInUp&#8221; delay=&#8221;450&#8243; el_class=&#8221;layer&#8221;]<\/p>\n<div class=\"zone\">\n<div class=\"title\"><i class=\"fa fa-cogs px-3\"><\/i><br \/>\nStrategie<\/div>\n<\/div>\n<div class=\"text\">Dezvoltarea de portofoliu \u00een condi\u021bii de maxim\u0103 eficien\u021b\u0103<\/div>\n<p>[\/vc_column_text][\/vc_column][\/vc_row][vc_row row_padd=&#8221;no-padding&#8221;][vc_column][vc_empty_space height=&#8221;45px&#8221;]<h2 class=\"block-head center  fx style3\"  data-animate=\"fadeInDown\"><span style=\"text-transform:uppercase;font-weight:bold\">Buz\u0103u<\/span><\/h2>[\/vc_column][\/vc_row][vc_row row_padd=&#8221;xs-padding&#8221; el_class=&#8221;pyramid&#8221;][vc_column][vc_column_text it_animation=&#8221;fadeInRight&#8221; delay=&#8221;350&#8243; el_class=&#8221;layer&#8221;]<\/p>\n<div class=\"zone\">\n<div class=\"title\"><i class=\"fa fa-eye px-3\"><\/i><br \/>\nViziune<\/div>\n<\/div>\n<div class=\"text\">S\u0103 devin\u0103 cel mai mai mare produc\u0103tor de p\u00e2ine \u00een zonele de acoperire<\/div>\n<p>[\/vc_column_text][vc_column_text it_animation=&#8221;fadeInDown&#8221; delay=&#8221;300&#8243; el_class=&#8221;layer&#8221;]<\/p>\n<div class=\"zone\">\n<div class=\"title\"><i class=\"fa fa-flag px-3\"><\/i><br \/>\nMisiune<\/div>\n<\/div>\n<div class=\"text\">S\u0103 pun\u0103 pe mesele tuturor rom\u00e2nilor p\u00e2ine proasp\u0103t\u0103<\/div>\n<p>[\/vc_column_text][vc_column_text it_animation=&#8221;fadeInLeft&#8221; delay=&#8221;400&#8243; el_class=&#8221;layer&#8221;]<\/p>\n<div class=\"zone\">\n<div class=\"title\"><i class=\"fa fa-heart px-3\"><\/i><br \/>\nValori<\/div>\n<\/div>\n<div class=\"text\">Inova\u021bie \u00een spiritul tradi\u021biei<\/div>\n<p>[\/vc_column_text][vc_column_text it_animation=&#8221;fadeInUp&#8221; delay=&#8221;450&#8243; el_class=&#8221;layer&#8221;]<\/p>\n<div class=\"zone\">\n<div class=\"title\"><i class=\"fa fa-cogs px-3\"><\/i><br \/>\nStrategie<\/div>\n<\/div>\n<div class=\"text\">Extindere consolidate \u0219i dezvoltarea portofoliului \u00een condi\u021bii de maxim\u0103 eficien\u021b\u0103<\/div>\n<p>[\/vc_column_text][\/vc_column][\/vc_row]<\/p>\n","protected":false},"excerpt":{"rendered":"<p>[vc_row row_padd=&#8221;xs-padding&#8221;][vc_column][vc_column_text]Trei Brutari este unul dintre cei mai mari producatori de paine din Romania, cu peste 400 de angajati in cele trei fabrici din Targoviste, Iasi si Buzau. Printre brandurile cu notorietate din portofoliu se numara Boiereasca, cea mai vanduta paine la nivel national, Stela Franzela, Campeneasca, Semintele Pamantului, dar si Poieni, marca cu o [&hellip;] <a class=\"more-link\" href=\"https:\/\/www.treibrutari.ro\/ro\/istoric-prezent-perspective\">Cite\u0219te mai mult<\/a><\/p>\n","protected":false},"author":1,"featured_media":0,"parent":0,"menu_order":0,"comment_status":"closed","ping_status":"closed","template":"","meta":[],"acf":[],"_links":{"self":[{"href":"https:\/\/www.treibrutari.ro\/ro\/wp-json\/wp\/v2\/pages\/574"}],"collection":[{"href":"https:\/\/www.treibrutari.ro\/ro\/wp-json\/wp\/v2\/pages"}],"about":[{"href":"https:\/\/www.treibrutari.ro\/ro\/wp-json\/wp\/v2\/types\/page"}],"author":[{"embeddable":true,"href":"https:\/\/www.treibrutari.ro\/ro\/wp-json\/wp\/v2\/users\/1"}],"replies":[{"embeddable":true,"href":"https:\/\/www.treibrutari.ro\/ro\/wp-json\/wp\/v2\/comments?post=574"}],"version-history":[{"count":54,"href":"https:\/\/www.treibrutari.ro\/ro\/wp-json\/wp\/v2\/pages\/574\/revisions"}],"predecessor-version":[{"id":9092,"href":"https:\/\/www.treibrutari.ro\/ro\/wp-json\/wp\/v2\/pages\/574\/revisions\/9092"}],"wp:attachment":[{"href":"https:\/\/www.treibrutari.ro\/ro\/wp-json\/wp\/v2\/media?parent=574"}],"curies":[{"name":"wp","href":"https:\/\/api.w.org\/{rel}","templated":true}]}}