{"id":571,"date":"2019-11-21T11:52:40","date_gmt":"2019-11-21T11:52:40","guid":{"rendered":"https:\/\/www.treibrutari.ro\/?page_id=571"},"modified":"2023-04-06T09:31:49","modified_gmt":"2023-04-06T09:31:49","slug":"viziune-companie","status":"publish","type":"page","link":"https:\/\/www.treibrutari.ro\/ro\/viziune-companie","title":{"rendered":"Viziune &#8211; Misiune &#8211; Valori &#8211; Strategie"},"content":{"rendered":"<p>[vc_row row_padd=&#8221;no-padding&#8221;][vc_column]<h2 class=\"block-head center  fx style3\"  data-animate=\"fadeInDown\"><span style=\"text-transform:uppercase;font-weight:bold\">T\u00e2rgovi\u0219te<\/span><\/h2>[\/vc_column][\/vc_row][vc_row row_padd=&#8221;xs-padding&#8221; el_class=&#8221;pyramid&#8221;][vc_column][vc_column_text it_animation=&#8221;fadeInDown&#8221; delay=&#8221;300&#8243; el_class=&#8221;layer&#8221;]<\/p>\n<div class=\"zone\">\n<div class=\"title\"><i class=\"fa fa-flag px-3\"><\/i><br \/>\nMisiunea<\/div>\n<\/div>\n<div class=\"text\">S\u0103 pun\u0103 pe mesele oamenilor cea mai proasp\u0103t\u0103 p\u00e2ine<\/div>\n<p>[\/vc_column_text][vc_column_text it_animation=&#8221;fadeInLeft&#8221; delay=&#8221;400&#8243; el_class=&#8221;layer&#8221;]<\/p>\n<div class=\"zone\">\n<div class=\"title\"><i class=\"fa fa-heart px-3\"><\/i><br \/>\nValori<\/div>\n<\/div>\n<div class=\"text\">Continuitate \u0219i inova\u021bie \u00een spiritul tradi\u021biei<\/div>\n<p>[\/vc_column_text][vc_column_text it_animation=&#8221;fadeInUp&#8221; delay=&#8221;450&#8243; el_class=&#8221;layer&#8221;]<\/p>\n<div class=\"zone\">\n<div class=\"title\"><i class=\"fa fa-cogs px-3\"><\/i><br \/>\nStrategie<\/div>\n<\/div>\n<div class=\"text\">Extindere consolidat\u0103 \u0219i diversificare de portofoliu<\/div>\n<p>[\/vc_column_text][vc_column_text it_animation=&#8221;fadeInRight&#8221; delay=&#8221;350&#8243; el_class=&#8221;layer&#8221;]<\/p>\n<div class=\"zone\">\n<div class=\"title\"><i class=\"fa fa-eye px-3\"><\/i><br \/>\nViziune<\/div>\n<\/div>\n<div class=\"text\">S\u0103 devin\u0103 cel mai mai mare produc\u0103tor de p\u00e2ine \u00een zonele de acoperire. S\u0103 devin\u0103 \u201cPAINEA BUNA A LOCULUI\u201d<\/div>\n<p>[\/vc_column_text][\/vc_column][\/vc_row][vc_row row_padd=&#8221;xs-padding&#8221;][vc_column width=&#8221;1\/2&#8243; offset=&#8221;vc_col-lg-6 vc_col-md-12 vc_col-xs-12&#8243;]<h3 class=\"block-head center  fx \"  data-animate=\"fadeInLeft\"><span>Certificat IFS Food<\/span><\/h3>[vc_raw_html]JTNDaWZyYW1lJTIwd2lkdGglM0QlMjIxMDAlMjUlMjIlMjBoZWlnaHQlM0QlMjI1MDAlMjIlMjBzcmMlM0QlMjJodHRwcyUzQSUyRiUyRnd3dy50cmVpYnJ1dGFyaS5ybyUyRndwLWNvbnRlbnQlMkZ1cGxvYWRzJTJGMjAxOSUyRjEyJTJGVmVscm9tX0lGUy1Gb29kX0NlcnRpZmljYXRlXzIwMTkucGRmJTIyJTNFJTNDJTJGaWZyYW1lJTNF[\/vc_raw_html][\/vc_column][vc_column width=&#8221;1\/2&#8243; offset=&#8221;vc_col-lg-6 vc_col-md-12 vc_col-xs-12&#8243;]<h3 class=\"block-head center  fx \"  data-animate=\"fadeInLeft\"><span>Certificat SR EN ISO 9001<\/span><\/h3>[vc_raw_html]JTNDaWZyYW1lJTIwd2lkdGglM0QlMjIxMDAlMjUlMjIlMjBoZWlnaHQlM0QlMjI1MDAlMjIlMjBzcmMlM0QlMjJodHRwcyUzQSUyRiUyRnd3dy50cmVpYnJ1dGFyaS5ybyUyRndwLWNvbnRlbnQlMkZ1cGxvYWRzJTJGMjAxOSUyRjEyJTJGQ2VydGlmaWNhdGUtSVNPLnBkZiUyMiUzRSUzQyUyRmlmcmFtZSUzRQ==[\/vc_raw_html][\/vc_column][\/vc_row][vc_row row_padd=&#8221;no-padding&#8221;][vc_column][vc_empty_space height=&#8221;45px&#8221;]<h2 class=\"block-head center  fx style3\"  data-animate=\"fadeInDown\"><span style=\"text-transform:uppercase;font-weight:bold\">Ia\u0219i<\/span><\/h2>[\/vc_column][\/vc_row][vc_row row_padd=&#8221;xs-padding&#8221; el_class=&#8221;pyramid&#8221;][vc_column][vc_column_text it_animation=&#8221;fadeInRight&#8221; delay=&#8221;350&#8243; el_class=&#8221;layer&#8221;]<\/p>\n<div class=\"zone\">\n<div class=\"title\"><i class=\"fa fa-eye px-3\"><\/i><br \/>\nViziune<\/div>\n<\/div>\n<div class=\"text\">S\u0103 devin\u0103 cel mai important produc\u0103tor de biscui\u021bi din Rom\u00e2nia<\/div>\n<p>[\/vc_column_text][vc_column_text it_animation=&#8221;fadeInDown&#8221; delay=&#8221;300&#8243; el_class=&#8221;layer&#8221;]<\/p>\n<div class=\"zone\">\n<div class=\"title\"><i class=\"fa fa-flag px-3\"><\/i><br \/>\nMisiunea<\/div>\n<\/div>\n<div class=\"text\">S\u0103 ofere consumatorilor cea mai larg\u0103 gam\u0103 de biscui\u021bi la cele mai bune pre\u021buri<\/div>\n<p>[\/vc_column_text][vc_column_text it_animation=&#8221;fadeInLeft&#8221; delay=&#8221;400&#8243; el_class=&#8221;layer&#8221;]<\/p>\n<div class=\"zone\">\n<div class=\"title\"><i class=\"fa fa-heart px-3\"><\/i><br \/>\nValori<\/div>\n<\/div>\n<div class=\"text\">Inova\u021bie, flexibilitate, modernitate<\/div>\n<p>[\/vc_column_text][vc_column_text it_animation=&#8221;fadeInUp&#8221; delay=&#8221;450&#8243; el_class=&#8221;layer&#8221;]<\/p>\n<div class=\"zone\">\n<div class=\"title\"><i class=\"fa fa-cogs px-3\"><\/i><br \/>\nStrategie<\/div>\n<\/div>\n<div class=\"text\">Dezvoltarea de portofoliu \u00een condi\u021bii de maxim\u0103 eficien\u021b\u0103<\/div>\n<p>[\/vc_column_text][\/vc_column][\/vc_row][vc_row row_padd=&#8221;no-padding&#8221;][vc_column][vc_empty_space height=&#8221;45px&#8221;]<h2 class=\"block-head center  fx style3\"  data-animate=\"fadeInDown\"><span style=\"text-transform:uppercase;font-weight:bold\">Buz\u0103u<\/span><\/h2>[\/vc_column][\/vc_row][vc_row row_padd=&#8221;xs-padding&#8221; el_class=&#8221;pyramid&#8221;][vc_column][vc_column_text it_animation=&#8221;fadeInRight&#8221; delay=&#8221;350&#8243; el_class=&#8221;layer&#8221;]<\/p>\n<div class=\"zone\">\n<div class=\"title\"><i class=\"fa fa-eye px-3\"><\/i><br \/>\nViziune<\/div>\n<\/div>\n<div class=\"text\">S\u0103 devin\u0103 cel mai mai mare produc\u0103tor de p\u00e2ine \u00een zonele de acoperire<\/div>\n<p>[\/vc_column_text][vc_column_text it_animation=&#8221;fadeInDown&#8221; delay=&#8221;300&#8243; el_class=&#8221;layer&#8221;]<\/p>\n<div class=\"zone\">\n<div class=\"title\"><i class=\"fa fa-flag px-3\"><\/i><br \/>\nMisiunea<\/div>\n<\/div>\n<div class=\"text\">S\u0103 pun\u0103 pe mesele tuturor rom\u00e2nilor p\u00e2ine proasp\u0103t\u0103<\/div>\n<p>[\/vc_column_text][vc_column_text it_animation=&#8221;fadeInLeft&#8221; delay=&#8221;400&#8243; el_class=&#8221;layer&#8221;]<\/p>\n<div class=\"zone\">\n<div class=\"title\"><i class=\"fa fa-heart px-3\"><\/i><br \/>\nValori<\/div>\n<\/div>\n<div class=\"text\">Inova\u021bie \u00een spiritul tradi\u021biei<\/div>\n<p>[\/vc_column_text][vc_column_text it_animation=&#8221;fadeInUp&#8221; delay=&#8221;450&#8243; el_class=&#8221;layer&#8221;]<\/p>\n<div class=\"zone\">\n<div class=\"title\"><i class=\"fa fa-cogs px-3\"><\/i><br \/>\nStrategie<\/div>\n<\/div>\n<div class=\"text\">Extindere consolidate \u0219i dezvoltarea portofoliului \u00een condi\u021bii de maxim\u0103 eficien\u021b\u0103<\/div>\n<p>[\/vc_column_text][\/vc_column][\/vc_row]<\/p>\n","protected":false},"excerpt":{"rendered":"<p>[vc_row row_padd=&#8221;no-padding&#8221;][vc_column][\/vc_column][\/vc_row][vc_row row_padd=&#8221;xs-padding&#8221; el_class=&#8221;pyramid&#8221;][vc_column][vc_column_text it_animation=&#8221;fadeInDown&#8221; delay=&#8221;300&#8243; el_class=&#8221;layer&#8221;] Misiunea S\u0103 pun\u0103 pe mesele oamenilor cea mai proasp\u0103t\u0103 p\u00e2ine [\/vc_column_text][vc_column_text it_animation=&#8221;fadeInLeft&#8221; delay=&#8221;400&#8243; el_class=&#8221;layer&#8221;] Valori Continuitate \u0219i inova\u021bie \u00een spiritul tradi\u021biei [\/vc_column_text][vc_column_text it_animation=&#8221;fadeInUp&#8221; delay=&#8221;450&#8243; el_class=&#8221;layer&#8221;] Strategie Extindere consolidat\u0103 \u0219i diversificare de portofoliu [\/vc_column_text][vc_column_text it_animation=&#8221;fadeInRight&#8221; delay=&#8221;350&#8243; el_class=&#8221;layer&#8221;] Viziune S\u0103 devin\u0103 cel mai mai mare produc\u0103tor de p\u00e2ine \u00een zonele [&hellip;] <a class=\"more-link\" href=\"https:\/\/www.treibrutari.ro\/ro\/viziune-companie\">Cite\u0219te mai mult<\/a><\/p>\n","protected":false},"author":1,"featured_media":0,"parent":0,"menu_order":0,"comment_status":"closed","ping_status":"closed","template":"","meta":[],"acf":[],"_links":{"self":[{"href":"https:\/\/www.treibrutari.ro\/ro\/wp-json\/wp\/v2\/pages\/571"}],"collection":[{"href":"https:\/\/www.treibrutari.ro\/ro\/wp-json\/wp\/v2\/pages"}],"about":[{"href":"https:\/\/www.treibrutari.ro\/ro\/wp-json\/wp\/v2\/types\/page"}],"author":[{"embeddable":true,"href":"https:\/\/www.treibrutari.ro\/ro\/wp-json\/wp\/v2\/users\/1"}],"replies":[{"embeddable":true,"href":"https:\/\/www.treibrutari.ro\/ro\/wp-json\/wp\/v2\/comments?post=571"}],"version-history":[{"count":33,"href":"https:\/\/www.treibrutari.ro\/ro\/wp-json\/wp\/v2\/pages\/571\/revisions"}],"predecessor-version":[{"id":8679,"href":"https:\/\/www.treibrutari.ro\/ro\/wp-json\/wp\/v2\/pages\/571\/revisions\/8679"}],"wp:attachment":[{"href":"https:\/\/www.treibrutari.ro\/ro\/wp-json\/wp\/v2\/media?parent=571"}],"curies":[{"name":"wp","href":"https:\/\/api.w.org\/{rel}","templated":true}]}}