{"id":22,"date":"2019-11-01T09:28:17","date_gmt":"2019-11-01T09:28:17","guid":{"rendered":"http:\/\/treibrutari.ro\/?page_id=22"},"modified":"2022-03-24T16:03:24","modified_gmt":"2022-03-24T16:03:24","slug":"contact","status":"publish","type":"page","link":"https:\/\/www.treibrutari.ro\/ro\/contact","title":{"rendered":"Contact"},"content":{"rendered":"<p>[vc_row row_padd=&#8221;xs-padding&#8221;][vc_column width=&#8221;1\/3&#8243;][vc_column_text]<\/p>\n<h3 class=\"block-head\">Fabrica din Targoviste<\/h3>\n<p>Fabrica din Buzau, una dintre cele mai noi si moderne fabrici din tara, pusa in functiune in anul 2021, produce paine la o calitatea superioara in care retetele vechi si noua tehnologie se imbina perfect. Astfel, reusim sa aducem pe mesele romanilor painea proaspata.<\/p>\n<h5 class=\"block-head fx style3 animated margin-bottom-0 fadeInRight\" data-animate=\"fadeInRight\"><span class=\"fa fa-map-marker pr-0 pulse\" data-animate=\"pulse\" data-animation-delay=\"700\">\u00a0<\/span><span class=\"main-color bold\">Adresa:<\/span><\/h5>\n<p>T\u00e2rgovi\u0219te, Rom\u00e2nia, Str. Laminorului (soseaua de centura) nr.56A (a doua poarta Romlux)[\/vc_column_text][\/vc_column][vc_column width=&#8221;2\/3&#8243;][vc_gmaps link=&#8221;#E-8_JTNDaWZyYW1lJTIwc3JjJTNEJTIyaHR0cHMlM0ElMkYlMkZ3d3cuZ29vZ2xlLmNvbSUyRm1hcHMlMkZlbWJlZCUzRnBiJTNEJTIxMW0xOCUyMTFtMTIlMjExbTMlMjExZDI4MjUuMjQ0ODkxNjgyNDYzNyUyMTJkMjUuNDM1NTIzMTE1OTM2ODE3JTIxM2Q0NC45MTgzNTUxNzkwOTgyOSUyMTJtMyUyMTFmMCUyMTJmMCUyMTNmMCUyMTNtMiUyMTFpMTAyNCUyMTJpNzY4JTIxNGYxMy4xJTIxM20zJTIxMW0yJTIxMXMweDQwYjJmNDFhMmRmNmNiZmYlMjUzQTB4NDY1Y2QyYWY2MWRmNDM2NSUyMTJzVkVMUk9NJTI1MjBTUkwlMjE1ZTAlMjEzbTIlMjExc3JvJTIxMnNybyUyMTR2MTU3NDQzNDQ0NTE0NSUyMTVtMiUyMTFzcm8lMjEyc3JvJTIyJTIwd2lkdGglM0QlMjI2MDAlMjIlMjBoZWlnaHQlM0QlMjI0NTAlMjIlMjBmcmFtZWJvcmRlciUzRCUyMjAlMjIlMjBzdHlsZSUzRCUyMmJvcmRlciUzQTAlM0IlMjIlMjBhbGxvd2Z1bGxzY3JlZW4lM0QlMjIlMjIlM0UlM0MlMkZpZnJhbWUlM0U=&#8221;][\/vc_column][\/vc_row][vc_row row_padd=&#8221;no-padding&#8221;][vc_column][vc_column_text]<\/p>\n<div class=\"padd-top-0\">\n<hr class=\"hr-style2\" \/>\n<\/div>\n<p>[\/vc_column_text][\/vc_column][\/vc_row][vc_row row_padd=&#8221;xs-padding&#8221;][vc_column width=&#8221;2\/3&#8243;][vc_gmaps link=&#8221;#E-8_JTNDaWZyYW1lJTIwc3JjJTNEJTIyaHR0cHMlM0ElMkYlMkZ3d3cuZ29vZ2xlLmNvbSUyRm1hcHMlMkZlbWJlZCUzRnBiJTNEJTIxMW0xOCUyMTFtMTIlMjExbTMlMjExZDIyODEuODM4ODkxNzY1NzE0JTIxMmQyNy42MjI1NTYzMzcwOTU4NDglMjEzZDQ3LjE0NjUxMjYyNTM4MjYxJTIxMm0zJTIxMWYwJTIxMmYwJTIxM2YwJTIxM20yJTIxMWkxMDI0JTIxMmk3NjglMjE0ZjEzLjElMjEzbTMlMjExbTIlMjExczB4NDBjYWZiZTYyYTYyYzRmNyUyNTNBMHhlMzM4NTMzNjM1YTE5ZDc0JTIxMnpRMkZzWldFZ1EyaHB5SmxwYnNTRGRXeDFhU0F6TXl3Z1NXSEltV2tnTnpBM01qVXklMjE1ZTAlMjEzbTIlMjExc3JvJTIxMnNybyUyMTR2MTU3NDQzNTgyNzYyNCUyMTVtMiUyMTFzcm8lMjEyc3JvJTIyJTIwd2lkdGglM0QlMjI2MDAlMjIlMjBoZWlnaHQlM0QlMjI0NTAlMjIlMjBmcmFtZWJvcmRlciUzRCUyMjAlMjIlMjBzdHlsZSUzRCUyMmJvcmRlciUzQTAlM0IlMjIlMjBhbGxvd2Z1bGxzY3JlZW4lM0QlMjIlMjIlM0UlM0MlMkZpZnJhbWUlM0U=&#8221;][\/vc_column][vc_column width=&#8221;1\/3&#8243;][vc_column_text]<\/p>\n<h3 class=\"block-head\">Fabrica din Iasi<\/h3>\n<p>Fabrica din Iasi, pusa in functiune in anul 2013, produce biscuiti atat sub marca proprie (precum Poieni, Biscuiti Scolari), cat si sub branduri din domeniu, precum Grau Intreg sau Grand Papa.<\/p>\n<h5 class=\"block-head fx style3 animated margin-bottom-0 fadeInRight\" data-animate=\"fadeInRight\"><span class=\"fa fa-map-marker pr-0 pulse\" data-animate=\"pulse\" data-animation-delay=\"700\">\u00a0<\/span><span class=\"main-color bold\">Adresa:<\/span><\/h5>\n<p>Ia\u0219i, Rom\u00e2nia, Calea Chisinaului, nr.33 (zona industriala)<br \/>\n[\/vc_column_text][\/vc_column][\/vc_row][vc_row row_padd=&#8221;no-padding&#8221;][vc_column][vc_column_text]<\/p>\n<div class=\"padd-top-0\">\n<hr class=\"hr-style2\" \/>\n<\/div>\n<p>[\/vc_column_text][\/vc_column][\/vc_row][vc_row row_padd=&#8221;xs-padding&#8221;][vc_column width=&#8221;1\/3&#8243;][vc_column_text]<\/p>\n<h3 class=\"block-head\">Fabrica din Buzau<\/h3>\n<p>Fabrica din Buzau, una dintre cele mai noi si moderne fabrici din tara, pusa in functiune in anul 2021, produce paine la o calitatea superioara in care retetele vechi si noua tehnologie se imbina perfect. Astfel, reusim sa aducem pe mesele romanilor painea cea de toate zilele.<\/p>\n<h5 class=\"block-head fx style3 animated margin-bottom-0 fadeInRight\" data-animate=\"fadeInRight\"><span class=\"fa fa-map-marker pr-0 pulse\" data-animate=\"pulse\" data-animation-delay=\"700\">\u00a0<\/span><span class=\"main-color bold\">Adresa:<\/span><\/h5>\n<p>Buz\u0103u, Rom\u00e2nia, \u0218oseaua Br\u0103ilei 15[\/vc_column_text][\/vc_column][vc_column width=&#8221;2\/3&#8243;][vc_gmaps link=&#8221;#E-8_JTNDaWZyYW1lJTIwc3JjJTNEJTIyaHR0cHMlM0ElMkYlMkZ3d3cuZ29vZ2xlLmNvbSUyRm1hcHMlMkZlbWJlZCUzRnBiJTNEJTIxMW0xOCUyMTFtMTIlMjExbTMlMjExZDI4MTQuNDI2OTY1MjE3MTU0JTIxMmQyNi44NTAzMDcwMTU4NTk4ODclMjEzZDQ1LjEzNzk0NjY3OTA5ODQ2JTIxMm0zJTIxMWYwJTIxMmYwJTIxM2YwJTIxM20yJTIxMWkxMDI0JTIxMmk3NjglMjE0ZjEzLjElMjEzbTMlMjExbTIlMjExczB4NDBiMTYwOWQ2MTNiZDU2MyUyNTNBMHgzY2QyNzdlNTVlNDU0OGQyJTIxMnp5Smh2YzJWaGRXRWdRbkxFZzJsc1pXa2dNVFVzSUVKMWVzU0RkUSUyMTVlMCUyMTNtMiUyMTFzZW4lMjEyc3JvJTIxNHYxNjE1NDY0MDcwOTAxJTIxNW0yJTIxMXNlbiUyMTJzcm8lMjIlMjB3aWR0aCUzRCUyMjYwMCUyMiUyMGhlaWdodCUzRCUyMjQ1MCUyMiUyMHN0eWxlJTNEJTIyYm9yZGVyJTNBMCUzQiUyMiUyMGFsbG93ZnVsbHNjcmVlbiUzRCUyMiUyMiUyMGxvYWRpbmclM0QlMjJsYXp5JTIyJTNFJTNDJTJGaWZyYW1lJTNF&#8221;][\/vc_column][\/vc_row][vc_row row_padd=&#8221;no-padding&#8221;][vc_column][vc_column_text]<\/p>\n<div class=\"padd-top-0\">\n<hr class=\"hr-style2\" \/>\n<\/div>\n<p>[\/vc_column_text][\/vc_column][\/vc_row][vc_row row_padd=&#8221;sm-padding&#8221;][vc_column width=&#8221;1\/2&#8243;]\n<div class=\"wpcf7 no-js\" id=\"wpcf7-f5-o1\" lang=\"ro-RO\" dir=\"ltr\">\n<div class=\"screen-reader-response\"><p role=\"status\" aria-live=\"polite\" aria-atomic=\"true\"><\/p> <ul><\/ul><\/div>\n<form action=\"\/ro\/wp-json\/wp\/v2\/pages\/22#wpcf7-f5-o1\" method=\"post\" class=\"wpcf7-form init wpcf7-acceptance-as-validation\" aria-label=\"Contact form\" novalidate=\"novalidate\" data-status=\"init\">\n<div style=\"display: none;\">\n<input type=\"hidden\" name=\"_wpcf7\" value=\"5\" \/>\n<input type=\"hidden\" name=\"_wpcf7_version\" value=\"5.7.5.1\" \/>\n<input type=\"hidden\" name=\"_wpcf7_locale\" value=\"ro_RO\" \/>\n<input type=\"hidden\" name=\"_wpcf7_unit_tag\" value=\"wpcf7-f5-o1\" \/>\n<input type=\"hidden\" name=\"_wpcf7_container_post\" value=\"0\" \/>\n<input type=\"hidden\" name=\"_wpcf7_posted_data_hash\" value=\"\" \/>\n<\/div>\n<label> Alege destinatarul<span class=\"red\">*<\/span>\n    <span class=\"wpcf7-form-control-wrap\" data-name=\"treibrutari-recipient\"><select class=\"wpcf7-form-control wpcf7-select wpcf7-validates-as-required\" aria-required=\"true\" aria-invalid=\"false\" name=\"treibrutari-recipient\"><option value=\"\">&#8212;Please choose an option&#8212;<\/option><option value=\"Trei Brutari Iasi\">Trei Brutari Iasi<\/option><option value=\"Trei Brutari Targoviste\">Trei Brutari Targoviste<\/option><option value=\"Trei Brutari  Buzau\">Trei Brutari  Buzau<\/option><\/select><\/span> <\/label>\n\n<label> Numele t\u0103u<span class=\"red\">*<\/span>\n    <span class=\"wpcf7-form-control-wrap\" data-name=\"your-name\"><input size=\"40\" class=\"wpcf7-form-control wpcf7-text wpcf7-validates-as-required\" aria-required=\"true\" aria-invalid=\"false\" value=\"\" type=\"text\" name=\"your-name\" \/><\/span> <\/label>\n\n<label> Emailul t\u0103u<span class=\"red\">*<\/span>\n    <span class=\"wpcf7-form-control-wrap\" data-name=\"your-email\"><input size=\"40\" class=\"wpcf7-form-control wpcf7-text wpcf7-email wpcf7-validates-as-required wpcf7-validates-as-email\" aria-required=\"true\" aria-invalid=\"false\" value=\"\" type=\"email\" name=\"your-email\" \/><\/span> <\/label>\n\n<label> Num\u0103r de telefon<span class=\"red\">*<\/span>\n    <span class=\"wpcf7-form-control-wrap\" data-name=\"your-tel\"><input size=\"40\" class=\"wpcf7-form-control wpcf7-text wpcf7-tel wpcf7-validates-as-required wpcf7-validates-as-tel\" aria-required=\"true\" aria-invalid=\"false\" value=\"\" type=\"tel\" name=\"your-tel\" \/><\/span> <\/label>\n\n<label> Subiect\n    <span class=\"wpcf7-form-control-wrap\" data-name=\"your-subject\"><input size=\"40\" class=\"wpcf7-form-control wpcf7-text\" aria-invalid=\"false\" value=\"\" type=\"text\" name=\"your-subject\" \/><\/span> <\/label>\n\n<label> Mesajul t\u0103u\n    <span class=\"wpcf7-form-control-wrap\" data-name=\"your-message\"><textarea cols=\"40\" rows=\"10\" class=\"wpcf7-form-control wpcf7-textarea\" aria-invalid=\"false\" name=\"your-message\"><\/textarea><\/span> <\/label>\n\n<div class=\"acceptance-row\">\n<span class=\"wpcf7-form-control-wrap\" data-name=\"acceptance-136\"><span class=\"wpcf7-form-control wpcf7-acceptance\"><span class=\"wpcf7-list-item\"><label><input type=\"checkbox\" name=\"acceptance-136\" value=\"1\" aria-invalid=\"false\" \/><span class=\"wpcf7-list-item-label\">Sunt de acord cu<\/span><\/label><\/span><\/span><\/span> <a href=\"https:\/\/www.treibrutari.ro\/ro\/politica-de-confidentialitate\" target=\"_blank\">politica de confidentialitate<\/a><\/div>\n\n<input class=\"wpcf7-form-control has-spinner wpcf7-submit\" type=\"submit\" value=\"Trimite\" \/><div class=\"wpcf7-response-output\" aria-hidden=\"true\"><\/div>\n<\/form>\n<\/div>\n[\/vc_column][vc_column width=&#8221;1\/2&#8243; css=&#8221;.vc_custom_1590482189100{padding-top: 20px !important;padding-right: 20px !important;padding-bottom: 20px !important;padding-left: 20px !important;background-color: #efefef !important;}&#8221;]<h2 class=\"block-head center  style4\"  data-animation-delay=\"700\"><span style=\"text-transform:uppercase;font-weight:bold\">SUGESTII \u0218I RECLAMA\u021aII<\/span><\/h2>[vc_column_text]Pentru noi este foarte important s\u0103 satisfacem exigentele clien\u021bilor no\u0219tri. De aceea, \u00een cazul \u00een care ave\u021bi sugestii sau reclama\u021bii v\u0103 rug\u0103m s\u0103 ne contacta\u021bi la adresa de email sau s\u0103 completa\u021bi formularul de contact din partea stanga.<\/p>\n<h5 style=\"text-align: center;\"><span class=\"fa fa-envelope pr-0 pulse main-color\" data-animate=\"pulse\" data-animation-delay=\"700\">\u00a0<\/span> <a href=\"mailto:office.is@treibrutari.ro\">office.is@treibrutari.ro<\/a><\/h5>\n<h5 style=\"text-align: center;\"><span class=\"fa fa-phone pr-0 pulse main-color\" data-animate=\"pulse\" data-animation-delay=\"700\">\u00a0<\/span> <a href=\"tel:040374420000\">0374 420 000<\/a><\/h5>\n<p>[\/vc_column_text][\/vc_column][\/vc_row]<\/p>\n","protected":false},"excerpt":{"rendered":"<p>[vc_row row_padd=&#8221;xs-padding&#8221;][vc_column width=&#8221;1\/3&#8243;][vc_column_text] Fabrica din Targoviste Fabrica din Buzau, una dintre cele mai noi si moderne fabrici din tara, pusa in functiune in anul 2021, produce paine la o calitatea superioara in care retetele vechi si noua tehnologie se imbina perfect. Astfel, reusim sa aducem pe mesele romanilor painea proaspata. \u00a0Adresa: T\u00e2rgovi\u0219te, Rom\u00e2nia, Str. Laminorului [&hellip;] <a class=\"more-link\" href=\"https:\/\/www.treibrutari.ro\/ro\/contact\">Cite\u0219te mai mult<\/a><\/p>\n","protected":false},"author":1,"featured_media":0,"parent":0,"menu_order":0,"comment_status":"closed","ping_status":"closed","template":"","meta":[],"acf":[],"_links":{"self":[{"href":"https:\/\/www.treibrutari.ro\/ro\/wp-json\/wp\/v2\/pages\/22"}],"collection":[{"href":"https:\/\/www.treibrutari.ro\/ro\/wp-json\/wp\/v2\/pages"}],"about":[{"href":"https:\/\/www.treibrutari.ro\/ro\/wp-json\/wp\/v2\/types\/page"}],"author":[{"embeddable":true,"href":"https:\/\/www.treibrutari.ro\/ro\/wp-json\/wp\/v2\/users\/1"}],"replies":[{"embeddable":true,"href":"https:\/\/www.treibrutari.ro\/ro\/wp-json\/wp\/v2\/comments?post=22"}],"version-history":[{"count":38,"href":"https:\/\/www.treibrutari.ro\/ro\/wp-json\/wp\/v2\/pages\/22\/revisions"}],"predecessor-version":[{"id":8517,"href":"https:\/\/www.treibrutari.ro\/ro\/wp-json\/wp\/v2\/pages\/22\/revisions\/8517"}],"wp:attachment":[{"href":"https:\/\/www.treibrutari.ro\/ro\/wp-json\/wp\/v2\/media?parent=22"}],"curies":[{"name":"wp","href":"https:\/\/api.w.org\/{rel}","templated":true}]}}